{"id":1097,"date":"2024-05-15T07:07:10","date_gmt":"2024-05-15T05:07:10","guid":{"rendered":"https:\/\/cpsystem2.pl\/artemisiavulgaris.com\/?page_id=1097"},"modified":"2024-07-31T10:34:07","modified_gmt":"2024-07-31T08:34:07","slug":"wskazowki-dotyczace-korzystania-z-tabel","status":"publish","type":"page","link":"https:\/\/artemisiavulgaris.com\/de\/tabele\/wskazowki-dotyczace-korzystania-z-tabel\/","title":{"rendered":"Tipps zur Verwendung von Tabellen"},"content":{"rendered":"\t\t<div data-elementor-type=\"wp-page\" data-elementor-id=\"1097\" class=\"elementor elementor-1097\" data-elementor-post-type=\"page\">\n\t\t\t\t<div class=\"elementor-element elementor-element-4171472 e-flex e-con-boxed e-con e-parent\" data-id=\"4171472\" data-element_type=\"container\" data-e-type=\"container\" data-settings=\"{&quot;background_background&quot;:&quot;classic&quot;,&quot;background_motion_fx_motion_fx_scrolling&quot;:&quot;yes&quot;,&quot;background_motion_fx_translateY_effect&quot;:&quot;yes&quot;,&quot;background_motion_fx_range&quot;:&quot;viewport&quot;,&quot;background_motion_fx_translateY_speed&quot;:{&quot;unit&quot;:&quot;px&quot;,&quot;size&quot;:4,&quot;sizes&quot;:[]},&quot;background_motion_fx_translateY_affectedRange&quot;:{&quot;unit&quot;:&quot;%&quot;,&quot;size&quot;:&quot;&quot;,&quot;sizes&quot;:{&quot;start&quot;:0,&quot;end&quot;:100}},&quot;background_motion_fx_devices&quot;:[&quot;desktop&quot;,&quot;laptop&quot;,&quot;tablet&quot;,&quot;mobile&quot;]}\">\n\t\t\t\t\t<div class=\"e-con-inner\">\n\t\t\t\t<div class=\"elementor-element elementor-element-d2bdd78 elementor-widget elementor-widget-heading\" data-id=\"d2bdd78\" data-element_type=\"widget\" data-e-type=\"widget\" data-widget_type=\"heading.default\">\n\t\t\t\t<div class=\"elementor-widget-container\">\n\t\t\t\t\t<span class=\"elementor-heading-title elementor-size-default\"><nav aria-label=\"breadcrumbs\" class=\"rank-math-breadcrumb\"><p><span class=\"label\">Jeste\u015b tutaj:<\/span> <span class=\"last\">Start<\/span><\/p><\/nav><\/span>\t\t\t\t<\/div>\n\t\t\t\t<\/div>\n\t\t\t\t<div class=\"elementor-element elementor-element-2a19d77 elementor-widget elementor-widget-heading\" data-id=\"2a19d77\" data-element_type=\"widget\" data-e-type=\"widget\" data-widget_type=\"heading.default\">\n\t\t\t\t<div class=\"elementor-widget-container\">\n\t\t\t\t\t<h1 class=\"elementor-heading-title elementor-size-default\">Wskaz\u00f3wki dotycz\u0105ce korzystania z tabel<\/h1>\t\t\t\t<\/div>\n\t\t\t\t<\/div>\n\t\t\t\t\t<\/div>\n\t\t\t\t<\/div>\n\t\t<div class=\"elementor-element elementor-element-cae1a9a e-flex e-con-boxed e-con e-parent\" data-id=\"cae1a9a\" data-element_type=\"container\" data-e-type=\"container\">\n\t\t\t\t\t<div class=\"e-con-inner\">\n\t\t\t\t<div class=\"elementor-element elementor-element-0a1051e text elementor-widget elementor-widget-text-editor\" data-id=\"0a1051e\" data-element_type=\"widget\" data-e-type=\"widget\" data-widget_type=\"text-editor.default\">\n\t\t\t\t<div class=\"elementor-widget-container\">\n\t\t\t\t\t<style>.elementor-element-0a1051e{display:none !important}<\/style>\t\t\t\t<\/div>\n\t\t\t\t<\/div>\n\t\t\t\t<div class=\"elementor-element elementor-element-5ebc6d4 text elementor-widget elementor-widget-text-editor\" data-id=\"5ebc6d4\" data-element_type=\"widget\" data-e-type=\"widget\" data-widget_type=\"text-editor.default\">\n\t\t\t\t<div class=\"elementor-widget-container\">\n\t\t\t\t\t<style>.elementor-element-5ebc6d4{display:none !important}<\/style>\t\t\t\t<\/div>\n\t\t\t\t<\/div>\n\t\t\t\t<div class=\"elementor-element elementor-element-2cc6339 text elementor-widget elementor-widget-text-editor\" data-id=\"2cc6339\" data-element_type=\"widget\" data-e-type=\"widget\" data-widget_type=\"text-editor.default\">\n\t\t\t\t<div class=\"elementor-widget-container\">\n\t\t\t\t\t\t\t\t\t<p>Ein wichtiges Element des &#8222;Artemisia vulgaris Projekts&#8221; sind die beiden Haupttabellen (<strong>Tabelle A<\/strong> und <strong>Tabelle B<\/strong>), die einen integralen Bestandteil des Projekts bilden. Diese Tabellen stellen den Inhalt der <a href=\"https:\/\/ruj.uj.edu.pl\/server\/api\/core\/bitstreams\/7377114e-a879-430f-8784-a82fd277809d\/content\" target=\"_blank\" rel=\"noopener\">Dissertation<\/a> in grafisch vereinfachter und verk\u00fcrzter Form dar.<\/p>\n<p><strong>Tabelle A<\/strong> zeigt die analysierten Quellen von der Antike bis zur Mitte des 16. Jahrhunderts; <strong>Tabelle B<\/strong> stellt Quellen von der Mitte des 16. Jahrhunderts bis zur Gegenwart und der TCM dar.<\/p>\n<p>In beiden Tabellen sind auf der <u>Ordinatenachse (vertikale Achse)<\/u> 32 Quellen (oder Quellengruppen), die in der Dissertation detailliert analysiert wurden, in chronologischer Reihenfolge von der Antike bis zum 21. Jahrhundert dargestellt. (<strong>Tabelle A<\/strong> zeigt 20 Quellen, <strong>Tabelle B<\/strong> &#8211; 12 Quellen); die letzte Zeile in Tabelle B enth\u00e4lt Informationen zur TCM.<\/p>\n<p>Auf der <u>Abszissenachse (horizontale Achse)<\/u> sind 19 Parameter der ganzheitlichen (holistischen) und der materialistischen Medizin Nomenklatur dargestellt; anhand dieser Parameter jede Quelle analysiert und bewertet wurde:<\/p>\n<ol>\n<li>Autor, Titel, Erscheinungsdatum\/Druckdatum,<\/li>\n<li>Pflanzennamen<\/li>\n<li>Prim\u00e4rqualit\u00e4ten (2 aus 4) (trocken\/warm),<\/li>\n<li>Kopf\/Psyche,<\/li>\n<li><b>{<\/b>Shen<b>}<\/b>,<\/li>\n<li>Brustkorb \/ Herz,<\/li>\n<li><b>{<\/b>Feuer<b>}<\/b> \/ {Oberer Erw\u00e4rmer},<\/li>\n<li>Magen,<\/li>\n<li><b>{<\/b>Milz<b>}<\/b>,<\/li>\n<li><b>{<\/b>Mittlerer Erw\u00e4rmer<b>}<\/b>,<\/li>\n<li><b>{<\/b>Leber<b>}<\/b>,<\/li>\n<li>Darm,<\/li>\n<li><b>{<\/b>Niere<b>}<\/b> \/ Urinblase,<\/li>\n<li><b>{<\/b>Wasser<b>}<\/b>,<\/li>\n<li><b>{<\/b>Unterer Erw\u00e4rmer<b>}<\/b>,<\/li>\n<li>Frauenleiden,<\/li>\n<li><b>{<\/b>Extrameridian CHONG-MAI \/ Durchdringungsgef\u00e4\u00df (Akupunkturlaufbahn)<b>}<\/b>,<\/li>\n<li>\u00e4u\u00dfere Anwendungen,<\/li>\n<li>&nbsp;sonstiges<\/li>\n<\/ol>\n<p>HINWEIS: Die mit geschweiften Klammern <strong>{ }<\/strong> gekennzeichneten Begriffe geh\u00f6ren zum Glossar der TCM (obwohl die Nummern 9, 11, 13 auch in der EBM ihre Entsprechung haben). <a href=\"https:\/\/ruj.uj.edu.pl\/server\/api\/core\/bitstreams\/7377114e-a879-430f-8784-a82fd277809d\/content\" target=\"_blank\" rel=\"noopener\">Die Dissertation<\/a> (in polnischer Sprache) erkl\u00e4rt alle angewandten TCM-Begriffe in einem &#8222;Glossar der in der TCM verwendeten Grundbegriffe&#8221; (Kapitel V, Seite 206). <u>Das Glossar in der Dissertation ist NICHT alphabetisch geordnet!<\/u><\/p>\n<p>Die Nomenklatur der oben genannten Parameter und ihre Zusammensetzung in dieser Reihenfolge ergeben sich aus einer integrativen (d.h. materialistischen und ganzheitlichen\/holistischen) Analyse der medizinischen Eigenschaften des Beifu\u00dfes, die aus der Lekt\u00fcre und Analyse der im Literaturverzeichnis [LINK] der Dissertation aufgef\u00fchrten wissenschaftlichen Quellen gewonnen wurde.<\/p>\n<p>Alle ganzheitlichen Begriffe (einschlie\u00dflich TCM) sind in den Tabellen <span style=\"background: #fff59f;\">gelb<\/span> hervorgehoben. Der Zweck dieser Unterscheidung war es, sowohl den Umfang als auch die Bedeutung des ganzheitlichen\/holistischen Aspekts in diesem Projekt hervorzuheben.<\/p>\n<p>Die Begriffe der materialistischen Medizin sind in den Tabellen <span style=\"background: #ecbb1f;\">orange<\/span> hervorgehoben. Ihr Vorhandensein in der Zeit vor dem 19. Jahrhundert (die als Beginn der evidenzbasierten Medizin (EBM) \u00c4ra angesehen wird) ist auf ihre seit Jahrtausenden unver\u00e4nderte klinische Aussage zur\u00fcckzuf\u00fchren, die mit der heutigen identisch ist, auch wenn sie in einer altert\u00fcmlichen Form ausgedr\u00fcckt wird, z. B: &#8222;Leiden an (Nieren-)Steinen&#8221;, &#8222;Ikterus (Gelbsucht)&#8221;, &#8222;Aszites (Bauchwassersucht)&#8221;, &#8222;Exitura ani (Mastdarmvorfall)&#8221;, &#8222;Menstruationsverst\u00e4rkung (Emmenagogum)&#8221;, &#8222;Geb\u00e4rmutterschmerzen&#8221; und andere.<\/p>\n<p>In Tabelle B, in den Zeilen: KOMMISSION E, A.VULGARIS IN XXI JH, TCM, werden folgenden Parameter in arabischen bzw. r\u00f6mischen Ziffern beschrieben:<\/p>\n<ul>\n<li><strong>KOMMISSION E<\/strong> &#8211; 29 Anwendungsgebiete von Beifu\u00dfkraut und -wurzel aus der Monographie der Kommission E &#8211; arabische Ziffern (S. 168-169 <a href=\"https:\/\/ruj.uj.edu.pl\/server\/api\/core\/bitstreams\/7377114e-a879-430f-8784-a82fd277809d\/content\" target=\"_blank\" rel=\"noopener\">Dissertation<\/a>)<\/li>\n<li><b>A.VULGARIS in XXI JH<\/b> &#8211; 16+ neue nachgewiesene Linien biologischer Aktivit\u00e4t von Beifu\u00df &#8211; arabische Ziffern (S. 159-161 <a href=\"https:\/\/ruj.uj.edu.pl\/server\/api\/core\/bitstreams\/7377114e-a879-430f-8784-a82fd277809d\/content\" target=\"_blank\" rel=\"noopener\">Dissertation<\/a>)<\/li>\n<li><strong>TCM<\/strong> &#8211; 29 St\u00f6rungsbilder (BianZheng) aus Kapitel III\/2 &#8211; r\u00f6mische Ziffern (S.170 der <a href=\"https:\/\/ruj.uj.edu.pl\/server\/api\/core\/bitstreams\/7377114e-a879-430f-8784-a82fd277809d\/content\" target=\"_blank\" rel=\"noopener\">Dissertation<\/a>)<\/li>\n<\/ul>\n<p>HINWEIS: die gleiche Anzahl von St\u00f6rungsbildern (BianZheng\/TCM) und Anwendungsgebieten in der Monographie der Kommission E (29) ist zuf\u00e4llig und hat keine inhaltliche Bedeutung.<\/p>\n<p>5 St\u00f6rungsbilder (BianZheng\/TCM) sind klinisch identisch mit 5 Anwendungsgebieten\/EBM und werden daher sowohl r\u00f6misch als auch arabisch nummeriert.<\/p>\n<p>Dar\u00fcber hinaus ist in Tabelle B, in der Quelle: KOMMISSION E, eine rosafarbene Tabelle mit 11 Anwendungsgebieten hervorgehoben worden. Die Bedeutung dieser Tabelle wird in der Dissertation auf den Seiten 189-191 beschrieben. [LINK]<\/p>\n<p>Aus der Trennung der beiden Haupttabellen wurden vier Hilfstabellen erstellt:<\/p>\n<p><strong>Tabelle A\/H<\/strong> und <strong>Tabelle B\/H<\/strong>, die nur die Nomenklatur der ganzheitlichen\/holistischen Medizin enthalten;<\/p>\n<p><strong>Tabelle A\/M<\/strong> und <strong>Tabelle B\/M<\/strong>, die nur die Nomenklatur der materialistischen (nicht ganzheitlichen\/non-holistic) Medizin enthalten.<\/p>\n<p>Zweck dieser Trennung bestand darin, die Auswertung und Analyse des Inhalts beider Arten von Medizin zu erleichtern und die Menge der jeweils enthaltenen Informationen grafisch darzustellen. Die Angaben zu den Autoren und Titeln der Werke, dem Erscheinungsdatum\/Druckdatum und den Pflanzennamen wurden als gemeinsam betrachtet und f\u00fcr beide Arten von Medizin in gleicher Weise dargestellt.<\/p>\n<p>Zus\u00e4tzlich zu den Tabellen, die auf <strong>www.<\/strong> direkt eingesehen werden k\u00f6nnen, wurden alle Tabellen auch als .<strong>pdf<\/strong>-Dateien zum Herunterladen und Ausdrucken bereitgestellt. Der Autor des Projekts empfiehlt dringend, die Tabellen in Farbe und im Format A3 (oder gr\u00f6\u00dfer) auszudrucken, um eine bessere visuelle Wahrnehmung gew\u00e4hrleisten.<\/p>\t\t\t\t\t\t\t\t<\/div>\n\t\t\t\t<\/div>\n\t\t\t\t\t<\/div>\n\t\t\t\t<\/div>\n\t\t\t\t<\/div>\n\t\t","protected":false},"excerpt":{"rendered":"<p>Wa\u017cnym elementem \u201eProjektu Artemisia vulgaris\u201d s\u0105 dwie tabele g\u0142\u00f3wne (Tabela A i Tabela B), kt\u00f3re stanowi\u0105 jego integraln\u0105 cz\u0119\u015b\u0107. Tabele te prezentuj\u0105 tre\u015b\u0107 zawart\u0105 w rozprawie doktorskiej&nbsp;w graficznie uproszczonej i skr\u00f3conej formie. Tabela A przedstawia analizowane \u017ar\u00f3d\u0142a z okresu od antyku do po\u0142owy XVI wieku; w Tabeli B przedstawiono \u017ar\u00f3d\u0142a z okresu od po\u0142owy XVI [&hellip;]<\/p>\n","protected":false},"author":1,"featured_media":0,"parent":15,"menu_order":0,"comment_status":"closed","ping_status":"closed","template":"","meta":{"footnotes":""},"class_list":["post-1097","page","type-page","status-publish","hentry"],"_links":{"self":[{"href":"https:\/\/artemisiavulgaris.com\/de\/wp-json\/wp\/v2\/pages\/1097","targetHints":{"allow":["GET"]}}],"collection":[{"href":"https:\/\/artemisiavulgaris.com\/de\/wp-json\/wp\/v2\/pages"}],"about":[{"href":"https:\/\/artemisiavulgaris.com\/de\/wp-json\/wp\/v2\/types\/page"}],"author":[{"embeddable":true,"href":"https:\/\/artemisiavulgaris.com\/de\/wp-json\/wp\/v2\/users\/1"}],"replies":[{"embeddable":true,"href":"https:\/\/artemisiavulgaris.com\/de\/wp-json\/wp\/v2\/comments?post=1097"}],"version-history":[{"count":71,"href":"https:\/\/artemisiavulgaris.com\/de\/wp-json\/wp\/v2\/pages\/1097\/revisions"}],"predecessor-version":[{"id":2357,"href":"https:\/\/artemisiavulgaris.com\/de\/wp-json\/wp\/v2\/pages\/1097\/revisions\/2357"}],"up":[{"embeddable":true,"href":"https:\/\/artemisiavulgaris.com\/de\/wp-json\/wp\/v2\/pages\/15"}],"wp:attachment":[{"href":"https:\/\/artemisiavulgaris.com\/de\/wp-json\/wp\/v2\/media?parent=1097"}],"curies":[{"name":"wp","href":"https:\/\/api.w.org\/{rel}","templated":true}]}}