{"id":13,"date":"2024-04-22T12:26:48","date_gmt":"2024-04-22T10:26:48","guid":{"rendered":"https:\/\/cpsystem2.pl\/artemisiavulgaris.com\/?page_id=13"},"modified":"2024-07-23T22:18:35","modified_gmt":"2024-07-23T20:18:35","slug":"prezentacja","status":"publish","type":"page","link":"https:\/\/artemisiavulgaris.com\/de\/prezentacja\/","title":{"rendered":"Pr\u00e4sentation"},"content":{"rendered":"\t\t<div data-elementor-type=\"wp-page\" data-elementor-id=\"13\" class=\"elementor elementor-13\" data-elementor-post-type=\"page\">\n\t\t\t\t<div class=\"elementor-element elementor-element-56386c9 e-flex e-con-boxed e-con e-parent\" data-id=\"56386c9\" data-element_type=\"container\" data-e-type=\"container\" data-settings=\"{&quot;background_background&quot;:&quot;classic&quot;,&quot;background_motion_fx_motion_fx_scrolling&quot;:&quot;yes&quot;,&quot;background_motion_fx_translateY_effect&quot;:&quot;yes&quot;,&quot;background_motion_fx_range&quot;:&quot;viewport&quot;,&quot;background_motion_fx_translateY_speed&quot;:{&quot;unit&quot;:&quot;px&quot;,&quot;size&quot;:4,&quot;sizes&quot;:[]},&quot;background_motion_fx_translateY_affectedRange&quot;:{&quot;unit&quot;:&quot;%&quot;,&quot;size&quot;:&quot;&quot;,&quot;sizes&quot;:{&quot;start&quot;:0,&quot;end&quot;:100}},&quot;background_motion_fx_devices&quot;:[&quot;desktop&quot;,&quot;laptop&quot;,&quot;tablet&quot;,&quot;mobile&quot;]}\">\n\t\t\t\t\t<div class=\"e-con-inner\">\n\t\t\t\t<div class=\"elementor-element elementor-element-6e41212 elementor-widget elementor-widget-heading\" data-id=\"6e41212\" data-element_type=\"widget\" data-e-type=\"widget\" data-widget_type=\"heading.default\">\n\t\t\t\t<div class=\"elementor-widget-container\">\n\t\t\t\t\t<span class=\"elementor-heading-title elementor-size-default\"><nav aria-label=\"breadcrumbs\" class=\"rank-math-breadcrumb\"><p><span class=\"label\">Jeste\u015b tutaj:<\/span> <span class=\"last\">Start<\/span><\/p><\/nav><\/span>\t\t\t\t<\/div>\n\t\t\t\t<\/div>\n\t\t\t\t<div class=\"elementor-element elementor-element-a06ae13 elementor-widget elementor-widget-heading\" data-id=\"a06ae13\" data-element_type=\"widget\" data-e-type=\"widget\" data-widget_type=\"heading.default\">\n\t\t\t\t<div class=\"elementor-widget-container\">\n\t\t\t\t\t<h1 class=\"elementor-heading-title elementor-size-default\">Prezentacja<\/h1>\t\t\t\t<\/div>\n\t\t\t\t<\/div>\n\t\t\t\t\t<\/div>\n\t\t\t\t<\/div>\n\t\t<div class=\"elementor-element elementor-element-656fe15 e-flex e-con-boxed e-con e-parent\" data-id=\"656fe15\" data-element_type=\"container\" data-e-type=\"container\">\n\t\t\t\t\t<div class=\"e-con-inner\">\n\t\t\t\t<div class=\"elementor-element elementor-element-5b04a61 text elementor-widget elementor-widget-text-editor\" data-id=\"5b04a61\" data-element_type=\"widget\" data-e-type=\"widget\" data-widget_type=\"text-editor.default\">\n\t\t\t\t<div class=\"elementor-widget-container\">\n\t\t\t\t\t\t\t\t\t<p>Prezentacja PowerPoint zawiera 55 slajd\u00f3w odzwierciedlaj\u0105cych w skr\u00f3towej formie zawarto\u015b\u0107 dysertacji, w tym cele, wyniki i wnioski z przeprowadzonych bada\u0144 naukowych.<\/p>\t\t\t\t\t\t\t\t<\/div>\n\t\t\t\t<\/div>\n\t\t\t\t<div class=\"elementor-element elementor-element-d3319f8 elementor-widget elementor-widget-html\" data-id=\"d3319f8\" data-element_type=\"widget\" data-e-type=\"widget\" data-widget_type=\"html.default\">\n\t\t\t\t<div class=\"elementor-widget-container\">\n\t\t\t\t\t<style>.elementor-element-d3319f8{display:none !important}<\/style>\t\t\t\t<\/div>\n\t\t\t\t<\/div>\n\t\t\t\t<div class=\"elementor-element elementor-element-5b05bae elementor-widget elementor-widget-html\" data-id=\"5b05bae\" data-element_type=\"widget\" data-e-type=\"widget\" data-widget_type=\"html.default\">\n\t\t\t\t<div class=\"elementor-widget-container\">\n\t\t\t\t\t<iframe src=\"https:\/\/onedrive.live.com\/embed?resid=5A2C1D114092E59A%21299048&authkey=!AP-OZJwfY6qfFCM&em=2\" width=\"100%\" height=\"580px\" frameborder=\"0\" scrolling=\"no\"><\/iframe>\t\t\t\t<\/div>\n\t\t\t\t<\/div>\n\t\t\t\t<div class=\"elementor-element elementor-element-294bbbe elementor-widget elementor-widget-html\" data-id=\"294bbbe\" data-element_type=\"widget\" data-e-type=\"widget\" data-widget_type=\"html.default\">\n\t\t\t\t<div class=\"elementor-widget-container\">\n\t\t\t\t\t<style>.elementor-element-294bbbe{display:none !important}<\/style>\t\t\t\t<\/div>\n\t\t\t\t<\/div>\n\t\t\t\t\t<\/div>\n\t\t\t\t<\/div>\n\t\t\t\t<\/div>\n\t\t","protected":false},"excerpt":{"rendered":"<p>Die PowerPoint-Pr\u00e4sentation enth\u00e4lt 55 Folien, die den Inhalt der Dissertation zusammenfassend wiedergeben, einschlie\u00dflich der Forschungsziele, Ergebnisse und Schlussfolgerungen der durchgef\u00fchrten Forschung.<\/p>","protected":false},"author":1,"featured_media":0,"parent":0,"menu_order":0,"comment_status":"closed","ping_status":"closed","template":"","meta":{"footnotes":""},"class_list":["post-13","page","type-page","status-publish","hentry"],"_links":{"self":[{"href":"https:\/\/artemisiavulgaris.com\/de\/wp-json\/wp\/v2\/pages\/13","targetHints":{"allow":["GET"]}}],"collection":[{"href":"https:\/\/artemisiavulgaris.com\/de\/wp-json\/wp\/v2\/pages"}],"about":[{"href":"https:\/\/artemisiavulgaris.com\/de\/wp-json\/wp\/v2\/types\/page"}],"author":[{"embeddable":true,"href":"https:\/\/artemisiavulgaris.com\/de\/wp-json\/wp\/v2\/users\/1"}],"replies":[{"embeddable":true,"href":"https:\/\/artemisiavulgaris.com\/de\/wp-json\/wp\/v2\/comments?post=13"}],"version-history":[{"count":19,"href":"https:\/\/artemisiavulgaris.com\/de\/wp-json\/wp\/v2\/pages\/13\/revisions"}],"predecessor-version":[{"id":1972,"href":"https:\/\/artemisiavulgaris.com\/de\/wp-json\/wp\/v2\/pages\/13\/revisions\/1972"}],"wp:attachment":[{"href":"https:\/\/artemisiavulgaris.com\/de\/wp-json\/wp\/v2\/media?parent=13"}],"curies":[{"name":"wp","href":"https:\/\/api.w.org\/{rel}","templated":true}]}}