{"id":77,"date":"2024-04-23T10:43:41","date_gmt":"2024-04-23T08:43:41","guid":{"rendered":"https:\/\/cpsystem2.pl\/artemisiavulgaris.com\/?page_id=77"},"modified":"2024-07-26T11:57:50","modified_gmt":"2024-07-26T09:57:50","slug":"co-to-jest-integracyjny-portret-terapeutyczny-rosliny-leczniczej-czego-dotyczy-integracja-i-jakie-sa-jej-skladowe","status":"publish","type":"page","link":"https:\/\/artemisiavulgaris.com\/de\/wprowadzenie\/co-to-jest-integracyjny-portret-terapeutyczny-rosliny-leczniczej-czego-dotyczy-integracja-i-jakie-sa-jej-skladowe\/","title":{"rendered":"Czym jest integracyjny portret terapeutyczny ro\u015bliny leczniczej \u2013 czego dotyczy integracja i jakie s\u0105 jej sk\u0142adowe?"},"content":{"rendered":"\t\t<div data-elementor-type=\"wp-page\" data-elementor-id=\"77\" class=\"elementor elementor-77\" data-elementor-post-type=\"page\">\n\t\t\t\t<div class=\"elementor-element elementor-element-43fecd1 e-flex e-con-boxed e-con e-parent\" data-id=\"43fecd1\" data-element_type=\"container\" data-e-type=\"container\" data-settings=\"{&quot;background_background&quot;:&quot;classic&quot;,&quot;background_motion_fx_motion_fx_scrolling&quot;:&quot;yes&quot;,&quot;background_motion_fx_translateY_effect&quot;:&quot;yes&quot;,&quot;background_motion_fx_range&quot;:&quot;viewport&quot;,&quot;background_motion_fx_translateY_speed&quot;:{&quot;unit&quot;:&quot;px&quot;,&quot;size&quot;:4,&quot;sizes&quot;:[]},&quot;background_motion_fx_translateY_affectedRange&quot;:{&quot;unit&quot;:&quot;%&quot;,&quot;size&quot;:&quot;&quot;,&quot;sizes&quot;:{&quot;start&quot;:0,&quot;end&quot;:100}},&quot;background_motion_fx_devices&quot;:[&quot;desktop&quot;,&quot;laptop&quot;,&quot;tablet&quot;,&quot;mobile&quot;]}\">\n\t\t\t\t\t<div class=\"e-con-inner\">\n\t\t\t\t<div class=\"elementor-element elementor-element-7bbe964 elementor-widget elementor-widget-heading\" data-id=\"7bbe964\" data-element_type=\"widget\" data-e-type=\"widget\" data-widget_type=\"heading.default\">\n\t\t\t\t<div class=\"elementor-widget-container\">\n\t\t\t\t\t<span class=\"elementor-heading-title elementor-size-default\"><nav aria-label=\"breadcrumbs\" class=\"rank-math-breadcrumb\"><p><span class=\"label\">Jeste\u015b tutaj:<\/span> <span class=\"last\">Start<\/span><\/p><\/nav><\/span>\t\t\t\t<\/div>\n\t\t\t\t<\/div>\n\t\t\t\t<div class=\"elementor-element elementor-element-01810a7 elementor-widget elementor-widget-heading\" data-id=\"01810a7\" data-element_type=\"widget\" data-e-type=\"widget\" data-widget_type=\"heading.default\">\n\t\t\t\t<div class=\"elementor-widget-container\">\n\t\t\t\t\t<h1 class=\"elementor-heading-title elementor-size-default\">Co to jest integracyjny portret terapeutyczny ro\u015bliny leczniczej \u2013 czego dotyczy integracja i jakie s\u0105 jej sk\u0142adowe?<\/h1>\t\t\t\t<\/div>\n\t\t\t\t<\/div>\n\t\t\t\t\t<\/div>\n\t\t\t\t<\/div>\n\t\t<div class=\"elementor-element elementor-element-a5cb2ec e-flex e-con-boxed e-con e-parent\" data-id=\"a5cb2ec\" data-element_type=\"container\" data-e-type=\"container\">\n\t\t\t\t\t<div class=\"e-con-inner\">\n\t\t<div class=\"elementor-element elementor-element-6332ba0 e-con-full e-flex e-con e-child\" data-id=\"6332ba0\" data-element_type=\"container\" data-e-type=\"container\" data-settings=\"{&quot;sticky&quot;:&quot;top&quot;,&quot;sticky_on&quot;:[&quot;desktop&quot;,&quot;laptop&quot;,&quot;tablet&quot;],&quot;sticky_offset&quot;:100,&quot;background_background&quot;:&quot;classic&quot;,&quot;sticky_parent&quot;:&quot;yes&quot;,&quot;sticky_effects_offset&quot;:0,&quot;sticky_anchor_link_offset&quot;:0}\">\n\t\t\t\t<div class=\"elementor-element elementor-element-bd4baaf elementor-widget elementor-widget-heading\" data-id=\"bd4baaf\" data-element_type=\"widget\" data-e-type=\"widget\" data-widget_type=\"heading.default\">\n\t\t\t\t<div class=\"elementor-widget-container\">\n\t\t\t\t\t<p class=\"elementor-heading-title elementor-size-default\">Wprowadzenie:<\/p>\t\t\t\t<\/div>\n\t\t\t\t<\/div>\n\t\t\t\t<div class=\"elementor-element elementor-element-bf0768c elementor-widget elementor-widget-heading\" data-id=\"bf0768c\" data-element_type=\"widget\" data-e-type=\"widget\" data-widget_type=\"heading.default\">\n\t\t\t\t<div class=\"elementor-widget-container\">\n\t\t\t\t\t<p class=\"elementor-heading-title elementor-size-default\"><a href=\"https:\/\/artemisiavulgaris.com\/wprowadzenie\/bylica-zwyczajna-artemisia-vulgaris-l-jako-obiekt-badan-sylwetka-pomyslodawcy-i-jego-argumenty-za-wyborem-tej-rosliny-leczniczej\/\">Bylica zwyczajna (<em style=\"color:#18773E\">Artemisia vulgaris<\/em> L.) jako obiekt bada\u0144<\/a><\/p>\t\t\t\t<\/div>\n\t\t\t\t<\/div>\n\t\t\t\t<div class=\"elementor-element elementor-element-a9726b5 elementor-widget elementor-widget-heading\" data-id=\"a9726b5\" data-element_type=\"widget\" data-e-type=\"widget\" data-widget_type=\"heading.default\">\n\t\t\t\t<div class=\"elementor-widget-container\">\n\t\t\t\t\t<p class=\"elementor-heading-title elementor-size-default\"><a href=\"https:\/\/artemisiavulgaris.com\/wprowadzenie\/co-to-jest-integracyjny-portret-terapeutyczny-rosliny-leczniczej-czego-dotyczy-integracja-i-jakie-sa-jej-skladowe\/\"><strong style=\"color:#000\">Jeste\u015b tutaj:<\/strong> Co to jest integracyjny portret terapeutyczny ro\u015bliny leczniczej?<\/a><\/p>\t\t\t\t<\/div>\n\t\t\t\t<\/div>\n\t\t\t\t<div class=\"elementor-element elementor-element-ca251bb elementor-widget elementor-widget-heading\" data-id=\"ca251bb\" data-element_type=\"widget\" data-e-type=\"widget\" data-widget_type=\"heading.default\">\n\t\t\t\t<div class=\"elementor-widget-container\">\n\t\t\t\t\t<p class=\"elementor-heading-title elementor-size-default\"><a href=\"https:\/\/artemisiavulgaris.com\/wprowadzenie\/wykaz-pojec-i-skrotow\/\">Wykaz poj\u0119\u0107 i skr\u00f3t\u00f3w\n<\/a><\/p>\t\t\t\t<\/div>\n\t\t\t\t<\/div>\n\t\t\t\t<div class=\"elementor-element elementor-element-36e844a elementor-widget elementor-widget-heading\" data-id=\"36e844a\" data-element_type=\"widget\" data-e-type=\"widget\" data-widget_type=\"heading.default\">\n\t\t\t\t<div class=\"elementor-widget-container\">\n\t\t\t\t\t<p class=\"elementor-heading-title elementor-size-default\"><a href=\"https:\/\/artemisiavulgaris.com\/wprowadzenie\/streszczenie-integracyjnego-portretu-terapeutycznego-artemisia-vulgaris-l\/\">Streszczenie integracyjnego portretu terapeutycznego <em style=\"color:#18773E\">Artemisia vulgaris<\/em> L. + spis tre\u015bci<\/a><\/p>\t\t\t\t<\/div>\n\t\t\t\t<\/div>\n\t\t\t\t<div class=\"elementor-element elementor-element-64a9213 elementor-widget elementor-widget-heading\" data-id=\"64a9213\" data-element_type=\"widget\" data-e-type=\"widget\" data-widget_type=\"heading.default\">\n\t\t\t\t<div class=\"elementor-widget-container\">\n\t\t\t\t\t<p class=\"elementor-heading-title elementor-size-default\"><a href=\"https:\/\/artemisiavulgaris.com\/wprowadzenie\/kilka-slow-o-autorze-projektu-artemisia-vulgaris\/\">Kilka s\u0142\u00f3w o autorze \u201eProjektu <i>Artemisia vulgaris<\/i>\u201d\n<\/a><\/p>\t\t\t\t<\/div>\n\t\t\t\t<\/div>\n\t\t\t\t<\/div>\n\t\t<div class=\"elementor-element elementor-element-9d49859 e-con-full text e-flex e-con e-child\" data-id=\"9d49859\" data-element_type=\"container\" data-e-type=\"container\">\n\t\t\t\t<div class=\"elementor-element elementor-element-b672e66 elementor-widget elementor-widget-text-editor\" data-id=\"b672e66\" data-element_type=\"widget\" data-e-type=\"widget\" data-widget_type=\"text-editor.default\">\n\t\t\t\t<div class=\"elementor-widget-container\">\n\t\t\t\t\t\t\t\t\t<p>Integracyjno\u015b\u0107 portretu terapeutycznego ro\u015bliny leczniczej polega na zebraniu i po\u0142\u0105czeniu w zadan\u0105 ca\u0142o\u015b\u0107 informacji pochodz\u0105cych z r\u00f3\u017cnych \u017ar\u00f3de\u0142 pisanych, odnosz\u0105cych si\u0119 do jej walor\u00f3w leczniczych. W przypadku bylicy zwyczajnej informacje te, ze wzgl\u0119du na struktur\u0119 ich historycznego przekazu, zosta\u0142y przeanalizowane nie tylko pod wzgl\u0119dem medycznym (wskazania, nozologia, terapia), ale r\u00f3wnie\u017c filozoficzno-kulturowym (holizm\/materializm \u2013 rola terapeuty, organizacja terapii w r\u00f3\u017cnych systemach medycznych) oraz pod wzgl\u0119dem duchowym (monoteizm\/politeizm, rola b\u00f3stw).<\/p><p><span style=\"color: var( --e-global-color-text ); font-family: var( --e-global-typography-text-font-family ), Sans-serif; font-weight: var( --e-global-typography-text-font-weight ); text-align: var(--text-align); font-size: 1rem;\">Ze wzgl\u0119du na wynikaj\u0105c\u0105 st\u0105d r\u00f3\u017cnorodno\u015b\u0107 informacji, g\u0142\u00f3wn\u0105 trudno\u015b\u0107 w stworzeniu takiego portretu stanowi zintegrowanie uzyskanych informacji wok\u00f3\u0142 zadanego problemu badawczego. Sposobem takiej integracji jest ich uporz\u0105dkowanie wed\u0142ug zadanych (najwa\u017cniejszych) cech. Nale\u017cy zaznaczy\u0107, \u017ce pierwotnie zadane cechy mog\u0105 by\u0107 rewidowane w trakcie zdobywania informacji, je\u017celi wymagaj\u0105 tego wnioski wyp\u0142ywaj\u0105ce z dotychczasowej analizy. Z tego samego powodu, do portretu integracyjnego mog\u0105 by\u0107 dodawane kolejne (nowe) cechy.<\/span><\/p>\t\t\t\t\t\t\t\t<\/div>\n\t\t\t\t<\/div>\n\t\t\t\t<div class=\"elementor-element elementor-element-288fc70 elementor-widget elementor-widget-heading\" data-id=\"288fc70\" data-element_type=\"widget\" data-e-type=\"widget\" data-widget_type=\"heading.default\">\n\t\t\t\t<div class=\"elementor-widget-container\">\n\t\t\t\t\t<h2 class=\"elementor-heading-title elementor-size-default\">Sk\u0142adowe integracyjnego portretu terapeutycznego bylicy zwyczajnej <em>(Artemisia vulgaris<\/em> L.)<\/h2>\t\t\t\t<\/div>\n\t\t\t\t<\/div>\n\t\t\t\t<div class=\"elementor-element elementor-element-9242c61 elementor-widget elementor-widget-text-editor\" data-id=\"9242c61\" data-element_type=\"widget\" data-e-type=\"widget\" data-widget_type=\"text-editor.default\">\n\t\t\t\t<div class=\"elementor-widget-container\">\n\t\t\t\t\t\t\t\t\t<ol><li>Analiza historyczna udokumentowanych w\u0142a\u015bciwo\u015bci leczniczych tej ro\u015bliny [sk\u0142adowa zadana]<\/li><li>Analiza walor\u00f3w terapeutycznych tego gatunku z punktu widzenia medycyny HOLISTYCZNEJ.<br \/>UWAGA: Sk\u0142adowa ta zosta\u0142a dodana do portretu ze wzgl\u0119du na ilo\u015b\u0107 oraz znaczenie informacji uzyskanych na ten temat w \u017ar\u00f3d\u0142ach historycznych (do ko\u0144ca XVIII w.)<\/li><li>TCM (tradycyjna chi\u0144ska medycyna) jako przyk\u0142ad wsp\u00f3\u0142czesnego systemu medycyny holistycznej, kt\u00f3rego wytyczne zastosowano w opisie dzia\u0142ania leczniczego <em><i>A. vulgaris <\/i><\/em>L. <br \/>UWAGA: Sk\u0142adowa ta zosta\u0142a dodana do portretu ze wzgl\u0119du na konieczno\u015b\u0107 aktualizacji nomenklatury medycyny holistycznej do standard\u00f3w filologicznych XXI w.<\/li><li>Om\u00f3wienie aktualnej pozycji <em><i>A. vulgaris\u00a0<\/i><\/em>L. w farmacji i w medycynie wed\u0142ug zasad EBM (medycyny opartej na faktach\/MATERIALISTYCZNEJ), uwzgl\u0119dniaj\u0105cej najnowsze udokumentowane i opublikowane badania naukowe [sk\u0142adowa zadana]<\/li><li>Prezentacja luk w spektrum terapeutycznym bylicy zwyczajnej powsta\u0142ych na skutek rozej\u015bcia si\u0119 dw\u00f3ch system\u00f3w medycznych: holistycznego i materialistycznego (pocz\u0105wszy od XIX w.), oraz mo\u017cliwo\u015b\u0107 ich uzupe\u0142nienia z pomoc\u0105 aktualnego stanu wiedzy o tej ro\u015blinie, w obu wymienionych systemach. Om\u00f3wiono przy tej okazji wybrane problemy analizy por\u00f3wnawczej mi\u0119dzy EBM i TCM.<br \/>UWAGA: Sk\u0142adowa to zosta\u0142a dodana do portretu, ze wzgl\u0119du na konieczno\u015b\u0107 przedstawienia r\u00f3\u017cnic w nozologii (klasyfikacji chor\u00f3b i ich opisu) w obu systemach medycznych: holistycznym i materialistycznym<\/li><li>Opis wyzwa\u0144 stoj\u0105cych przed dzisiejszymi badaczami tej ro\u015bliny, dotycz\u0105cych zw\u0142aszcza weryfikacji profesjonalnymi metodami badawczymi jej najstarszych opisanych zastosowa\u0144 &#8211; w leczeniu dolegliwo\u015bci oko\u0142oporodowych (ginekologicznych) i gastroenterologicznych [sk\u0142adowa zadana].<br \/>UWAGA: sk\u0142adowa ta zosta\u0142a zmodyfikowana ze wzgl\u0119du na pojawienie si\u0119 w ramach analizy historycznej wa\u017cnego merytorycznie aspektu medycyny holistycznej.<\/li><li>Dwie tabele g\u0142\u00f3wne: <a href=\"https:\/\/artemisiavulgaris.com\/tabele\/#tabelaa\">Tabela A<\/a> oraz <a href=\"https:\/\/artemisiavulgaris.com\/tabele\/#tabelab\">Tabela B<\/a>.\u00a0 Tabele te prezentuj\u0105 sk\u0142adowe terapeutycznego portretu integracyjnego bylicy zwyczajnej w graficznie uproszczonej i skr\u00f3conej formie. [sk\u0142adowa zadana, wielokrotnie modernizowana wraz z post\u0119pem w badaniach]<\/li><li><a href=\"https:\/\/artemisiavulgaris.com\/prezentacja\/\">Prezentacja(PowerPoint)<\/a>. Multimedialna wersja <a href=\"https:\/\/ruj.uj.edu.pl\/server\/api\/core\/bitstreams\/7377114e-a879-430f-8784-a82fd277809d\/content\" target=\"_blank\" rel=\"noopener\">rozprawy doktorskiej<\/a> napisanej i obronionej w ramach \u201eprojektu <em><i>Artemisia vulgaris<\/i><\/em>\u2019\u2019 [sk\u0142adowa zadana]<\/li><\/ol>\t\t\t\t\t\t\t\t<\/div>\n\t\t\t\t<\/div>\n\t\t\t\t<\/div>\n\t\t\t\t\t<\/div>\n\t\t\t\t<\/div>\n\t\t\t\t<\/div>\n\t\t","protected":false},"excerpt":{"rendered":"<p>Co to jest integracyjny portret terapeutyczny ro\u015bliny leczniczej \u2013 czego dotyczy integracja i jakie s\u0105 jej sk\u0142adowe? Wprowadzenie: Bylica zwyczajna (Artemisia vulgaris L.) jako obiekt bada\u0144 Jeste\u015b tutaj: Co to jest integracyjny portret terapeutyczny ro\u015bliny leczniczej? Wykaz poj\u0119\u0107 i skr\u00f3t\u00f3w Streszczenie integracyjnego portretu terapeutycznego Artemisia vulgaris L. + spis tre\u015bci Kilka s\u0142\u00f3w o autorze \u201eProjektu [&hellip;]<\/p>\n","protected":false},"author":1,"featured_media":0,"parent":7,"menu_order":0,"comment_status":"closed","ping_status":"closed","template":"","meta":{"footnotes":""},"class_list":["post-77","page","type-page","status-publish","hentry"],"_links":{"self":[{"href":"https:\/\/artemisiavulgaris.com\/de\/wp-json\/wp\/v2\/pages\/77","targetHints":{"allow":["GET"]}}],"collection":[{"href":"https:\/\/artemisiavulgaris.com\/de\/wp-json\/wp\/v2\/pages"}],"about":[{"href":"https:\/\/artemisiavulgaris.com\/de\/wp-json\/wp\/v2\/types\/page"}],"author":[{"embeddable":true,"href":"https:\/\/artemisiavulgaris.com\/de\/wp-json\/wp\/v2\/users\/1"}],"replies":[{"embeddable":true,"href":"https:\/\/artemisiavulgaris.com\/de\/wp-json\/wp\/v2\/comments?post=77"}],"version-history":[{"count":166,"href":"https:\/\/artemisiavulgaris.com\/de\/wp-json\/wp\/v2\/pages\/77\/revisions"}],"predecessor-version":[{"id":2153,"href":"https:\/\/artemisiavulgaris.com\/de\/wp-json\/wp\/v2\/pages\/77\/revisions\/2153"}],"up":[{"embeddable":true,"href":"https:\/\/artemisiavulgaris.com\/de\/wp-json\/wp\/v2\/pages\/7"}],"wp:attachment":[{"href":"https:\/\/artemisiavulgaris.com\/de\/wp-json\/wp\/v2\/media?parent=77"}],"curies":[{"name":"wp","href":"https:\/\/api.w.org\/{rel}","templated":true}]}}