{"id":91,"date":"2024-04-23T10:46:52","date_gmt":"2024-04-23T08:46:52","guid":{"rendered":"https:\/\/cpsystem2.pl\/artemisiavulgaris.com\/?page_id=91"},"modified":"2024-07-29T15:10:36","modified_gmt":"2024-07-29T13:10:36","slug":"kilka-slow-o-autorze-projektu-artemisia-vulgaris","status":"publish","type":"page","link":"https:\/\/artemisiavulgaris.com\/de\/wprowadzenie\/kilka-slow-o-autorze-projektu-artemisia-vulgaris\/","title":{"rendered":"Kilka slow o autorze &#8222;Projektu Artemisia vulgaris&#8221;"},"content":{"rendered":"\t\t<div data-elementor-type=\"wp-page\" data-elementor-id=\"91\" class=\"elementor elementor-91\" data-elementor-post-type=\"page\">\n\t\t\t\t<div class=\"elementor-element elementor-element-2e20a92 e-flex e-con-boxed e-con e-parent\" data-id=\"2e20a92\" data-element_type=\"container\" data-e-type=\"container\" data-settings=\"{&quot;background_background&quot;:&quot;classic&quot;,&quot;background_motion_fx_motion_fx_scrolling&quot;:&quot;yes&quot;,&quot;background_motion_fx_translateY_effect&quot;:&quot;yes&quot;,&quot;background_motion_fx_range&quot;:&quot;viewport&quot;,&quot;background_motion_fx_translateY_speed&quot;:{&quot;unit&quot;:&quot;px&quot;,&quot;size&quot;:4,&quot;sizes&quot;:[]},&quot;background_motion_fx_translateY_affectedRange&quot;:{&quot;unit&quot;:&quot;%&quot;,&quot;size&quot;:&quot;&quot;,&quot;sizes&quot;:{&quot;start&quot;:0,&quot;end&quot;:100}},&quot;background_motion_fx_devices&quot;:[&quot;desktop&quot;,&quot;laptop&quot;,&quot;tablet&quot;,&quot;mobile&quot;]}\">\n\t\t\t\t\t<div class=\"e-con-inner\">\n\t\t\t\t<div class=\"elementor-element elementor-element-218f131 elementor-widget elementor-widget-heading\" data-id=\"218f131\" data-element_type=\"widget\" data-e-type=\"widget\" data-widget_type=\"heading.default\">\n\t\t\t\t<div class=\"elementor-widget-container\">\n\t\t\t\t\t<span class=\"elementor-heading-title elementor-size-default\"><nav aria-label=\"breadcrumbs\" class=\"rank-math-breadcrumb\"><p><span class=\"label\">Jeste\u015b tutaj:<\/span> <span class=\"last\">Start<\/span><\/p><\/nav><\/span>\t\t\t\t<\/div>\n\t\t\t\t<\/div>\n\t\t\t\t<div class=\"elementor-element elementor-element-9742f93 elementor-widget elementor-widget-heading\" data-id=\"9742f93\" data-element_type=\"widget\" data-e-type=\"widget\" data-widget_type=\"heading.default\">\n\t\t\t\t<div class=\"elementor-widget-container\">\n\t\t\t\t\t<h1 class=\"elementor-heading-title elementor-size-default\">Kilka s\u0142\u00f3w o autorze \"Projektu <i>Artemisia vulgaris<\/i>\"<\/h1>\t\t\t\t<\/div>\n\t\t\t\t<\/div>\n\t\t\t\t\t<\/div>\n\t\t\t\t<\/div>\n\t\t<div class=\"elementor-element elementor-element-0a12b03 e-flex e-con-boxed e-con e-parent\" data-id=\"0a12b03\" data-element_type=\"container\" data-e-type=\"container\">\n\t\t\t\t\t<div class=\"e-con-inner\">\n\t\t<div class=\"elementor-element elementor-element-76ded7e e-con-full e-flex e-con e-child\" data-id=\"76ded7e\" data-element_type=\"container\" data-e-type=\"container\" data-settings=\"{&quot;background_background&quot;:&quot;classic&quot;,&quot;sticky&quot;:&quot;top&quot;,&quot;sticky_on&quot;:[&quot;desktop&quot;,&quot;laptop&quot;,&quot;tablet&quot;],&quot;sticky_offset&quot;:100,&quot;sticky_parent&quot;:&quot;yes&quot;,&quot;sticky_effects_offset&quot;:0,&quot;sticky_anchor_link_offset&quot;:0}\">\n\t\t\t\t<div class=\"elementor-element elementor-element-71ade88 elementor-widget elementor-widget-heading\" data-id=\"71ade88\" data-element_type=\"widget\" data-e-type=\"widget\" data-widget_type=\"heading.default\">\n\t\t\t\t<div class=\"elementor-widget-container\">\n\t\t\t\t\t<p class=\"elementor-heading-title elementor-size-default\">Wprowadzenie:<\/p>\t\t\t\t<\/div>\n\t\t\t\t<\/div>\n\t\t\t\t<div class=\"elementor-element elementor-element-14a76e2 elementor-widget elementor-widget-heading\" data-id=\"14a76e2\" data-element_type=\"widget\" data-e-type=\"widget\" data-widget_type=\"heading.default\">\n\t\t\t\t<div class=\"elementor-widget-container\">\n\t\t\t\t\t<p class=\"elementor-heading-title elementor-size-default\"><a href=\"https:\/\/artemisiavulgaris.com\/wprowadzenie\/bylica-zwyczajna-artemisia-vulgaris-l-jako-obiekt-badan-sylwetka-pomyslodawcy-i-jego-argumenty-za-wyborem-tej-rosliny-leczniczej\/\">Bylica zwyczajna (<em style=\"color:#18773E\">Artemisia vulgaris<\/em> L.) jako obiekt bada\u0144<\/a><\/p>\t\t\t\t<\/div>\n\t\t\t\t<\/div>\n\t\t\t\t<div class=\"elementor-element elementor-element-4c79525 elementor-widget elementor-widget-heading\" data-id=\"4c79525\" data-element_type=\"widget\" data-e-type=\"widget\" data-widget_type=\"heading.default\">\n\t\t\t\t<div class=\"elementor-widget-container\">\n\t\t\t\t\t<p class=\"elementor-heading-title elementor-size-default\"><a href=\"https:\/\/artemisiavulgaris.com\/wprowadzenie\/co-to-jest-integracyjny-portret-terapeutyczny-rosliny-leczniczej-czego-dotyczy-integracja-i-jakie-sa-jej-skladowe\/\">Co to jest integracyjny portret terapeutyczny ro\u015bliny leczniczej?<\/a><\/p>\t\t\t\t<\/div>\n\t\t\t\t<\/div>\n\t\t\t\t<div class=\"elementor-element elementor-element-1b97cc8 elementor-widget elementor-widget-heading\" data-id=\"1b97cc8\" data-element_type=\"widget\" data-e-type=\"widget\" data-widget_type=\"heading.default\">\n\t\t\t\t<div class=\"elementor-widget-container\">\n\t\t\t\t\t<p class=\"elementor-heading-title elementor-size-default\"><a href=\"https:\/\/artemisiavulgaris.com\/wprowadzenie\/wykaz-pojec-i-skrotow\/\">Wykaz poj\u0119\u0107 i skr\u00f3t\u00f3w\n<\/a><\/p>\t\t\t\t<\/div>\n\t\t\t\t<\/div>\n\t\t\t\t<div class=\"elementor-element elementor-element-cb4a7f3 elementor-widget elementor-widget-heading\" data-id=\"cb4a7f3\" data-element_type=\"widget\" data-e-type=\"widget\" data-widget_type=\"heading.default\">\n\t\t\t\t<div class=\"elementor-widget-container\">\n\t\t\t\t\t<p class=\"elementor-heading-title elementor-size-default\"><a href=\"https:\/\/artemisiavulgaris.com\/wprowadzenie\/streszczenie-integracyjnego-portretu-terapeutycznego-artemisia-vulgaris-l\/\">Streszczenie integracyjnego portretu terapeutycznego <em style=\"color:#18773E\">Artemisia vulgaris<\/em> L. + spis tre\u015bci<\/a><\/p>\t\t\t\t<\/div>\n\t\t\t\t<\/div>\n\t\t\t\t<div class=\"elementor-element elementor-element-e7b7ba6 elementor-widget elementor-widget-heading\" data-id=\"e7b7ba6\" data-element_type=\"widget\" data-e-type=\"widget\" data-widget_type=\"heading.default\">\n\t\t\t\t<div class=\"elementor-widget-container\">\n\t\t\t\t\t<p class=\"elementor-heading-title elementor-size-default\"><a href=\"https:\/\/artemisiavulgaris.com\/wprowadzenie\/kilka-slow-o-autorze-projektu-artemisia-vulgaris\/\"><strong style=\"color:#000\">Jeste\u015b tutaj:<\/strong> Kilka s\u0142\u00f3w o autorze \u201eProjektu <i>Artemisia vulgaris<\/i>\u201d\n<\/a><\/p>\t\t\t\t<\/div>\n\t\t\t\t<\/div>\n\t\t\t\t<\/div>\n\t\t<div class=\"elementor-element elementor-element-2756fda e-con-full e-flex e-con e-child\" data-id=\"2756fda\" data-element_type=\"container\" data-e-type=\"container\">\n\t\t\t\t<div class=\"elementor-element elementor-element-1e423e3 elementor-widget elementor-widget-image\" data-id=\"1e423e3\" data-element_type=\"widget\" data-e-type=\"widget\" data-widget_type=\"image.default\">\n\t\t\t\t<div class=\"elementor-widget-container\">\n\t\t\t\t\t<style>.elementor-element-1e423e3{display:none !important}<\/style>\t\t\t\t<\/div>\n\t\t\t\t<\/div>\n\t\t\t\t<div class=\"elementor-element elementor-element-06e0c81 elementor-widget elementor-widget-image\" data-id=\"06e0c81\" data-element_type=\"widget\" data-e-type=\"widget\" data-widget_type=\"image.default\">\n\t\t\t\t<div class=\"elementor-widget-container\">\n\t\t\t\t\t\t\t\t\t\t\t\t\t\t\t\t<a href=\"https:\/\/artemisiavulgaris.com\/wp-content\/uploads\/2024\/07\/pawel-klin-de-1.jpg\" data-elementor-open-lightbox=\"yes\" data-elementor-lightbox-title=\"Dr. pharm. Paul Klin bei der Verleihung seiner Doktor-Promotionsurkunde. Jagiellonen-Universit\u00e4t, Krakau, Polen. 15 Januar 2024\" data-e-action-hash=\"#elementor-action%3Aaction%3Dlightbox%26settings%3DeyJpZCI6MTkwNiwidXJsIjoiaHR0cHM6XC9cL2FydGVtaXNpYXZ1bGdhcmlzLmNvbVwvd3AtY29udGVudFwvdXBsb2Fkc1wvMjAyNFwvMDdcL3Bhd2VsLWtsaW4tZGUtMS5qcGcifQ%3D%3D\">\n\t\t\t\t\t\t\t<img fetchpriority=\"high\" decoding=\"async\" width=\"640\" height=\"427\" src=\"https:\/\/artemisiavulgaris.com\/wp-content\/uploads\/2024\/07\/pawel-klin-de-1.jpg\" class=\"attachment-large size-large wp-image-1906\" alt=\"Dr. pharm. Paul Klin bei der Verleihung seiner Doktor-Promotionsurkunde. Jagiellonen-Universit\u00e4t, Krakau, Polen. 15 Januar 2024\" srcset=\"https:\/\/artemisiavulgaris.com\/wp-content\/uploads\/2024\/07\/pawel-klin-de-1.jpg 800w, https:\/\/artemisiavulgaris.com\/wp-content\/uploads\/2024\/07\/pawel-klin-de-1-300x200.jpg 300w, https:\/\/artemisiavulgaris.com\/wp-content\/uploads\/2024\/07\/pawel-klin-de-1-768x513.jpg 768w, https:\/\/artemisiavulgaris.com\/wp-content\/uploads\/2024\/07\/pawel-klin-de-1-18x12.jpg 18w\" sizes=\"(max-width: 640px) 100vw, 640px\" \/>\t\t\t\t\t\t\t\t<\/a>\n\t\t\t\t\t\t\t\t\t\t\t\t\t\t\t<\/div>\n\t\t\t\t<\/div>\n\t\t\t\t<div class=\"elementor-element elementor-element-ca3a9d8 elementor-widget elementor-widget-image\" data-id=\"ca3a9d8\" data-element_type=\"widget\" data-e-type=\"widget\" data-widget_type=\"image.default\">\n\t\t\t\t<div class=\"elementor-widget-container\">\n\t\t\t\t\t<style>.elementor-element-ca3a9d8{display:none !important}<\/style>\t\t\t\t<\/div>\n\t\t\t\t<\/div>\n\t\t\t\t<div class=\"elementor-element elementor-element-b084cb5 text elementor-widget elementor-widget-text-editor\" data-id=\"b084cb5\" data-element_type=\"widget\" data-e-type=\"widget\" data-widget_type=\"text-editor.default\">\n\t\t\t\t<div class=\"elementor-widget-container\">\n\t\t\t\t\t<style>.elementor-element-b084cb5{display:none !important}<\/style>\t\t\t\t<\/div>\n\t\t\t\t<\/div>\n\t\t\t\t<div class=\"elementor-element elementor-element-c4bf8f7 text elementor-widget elementor-widget-text-editor\" data-id=\"c4bf8f7\" data-element_type=\"widget\" data-e-type=\"widget\" data-widget_type=\"text-editor.default\">\n\t\t\t\t<div class=\"elementor-widget-container\">\n\t\t\t\t\t\t\t\t\t<p>Dr. pharm. Paul Klin bei der Verleihung seiner Doktor-Promotionsurkunde. Jagiellonen-Universit\u00e4t, Krakau, Polen. 15 Januar 2024.<\/p><p>Dr. pharm. Paul Klin. Allgemeinmediziner in Bayern. Geboren 1974 in Wroc\u0142aw (Polen), wo er auch im Jahr 2000 sein Studium der Humanmedizin abschloss. Anschlie\u00dfend absolvierte er eineinhalbj\u00e4hriges Jahr als Arzt im Praktikum (AiP) in Israel und in Polen. Seit 2002 praktiziert er als Arzt in Deutschland. Im Jahr 2010 legte er sein Examen als Facharzt f\u00fcr Allgemeinmedizin in M\u00fcnchen ab und er\u00f6ffnete im darauffolgenden Jahr seine erste haus\u00e4rztliche Praxis in der bayerischen Provinz (Westmittelfranken). Derzeit ist er in einem haus\u00e4rztlichen MVZ und in der US-Army Klinik auf einem der milit\u00e4rischen St\u00fctzpunkte in Bayern t\u00e4tig.<\/p><p>2015 begann er seine Doktorarbeit an der Julius-Maximilians-Universit\u00e4t W\u00fcrzburg, am Institut f\u00fcr Geschichte der Medizin, unter wissenschaftlicher Aufsicht von Dr. Johannes Gottfried Mayer(\u2020) &#8211; Leiter der Forschungsgruppe &#8222;Klostermedizin&#8221;. Im Jahr 2019 wurde diese wissenschaftliche Zusammenarbeit durch den Tod von Dr. Johannes Mayer j\u00e4h unterbrochen. Die Forschungsergebnisse aus dieser vierj\u00e4hrigen Kooperation wurden in einer deutschsprachigen <a href=\"https:\/\/dwv-net.de\/produkt\/der-beifuss-artemisia-vulgaris-in-der-medizingeschichte-integrative-darstellung-unter-beruecksichtigung-der-evidenzbasierten-medizin-ebm-der-traditionellen-chinesischen-medizin-tcm-und-der-ho\/\" target=\"_blank\" rel=\"noopener\">Buchpublikation<\/a> ver\u00f6ffentlicht (s.Pos 142. des <a href=\"https:\/\/artemisiavulgaris.com\/de\/bibliografia\/\">Literaturverzeichnisses<\/a>).<\/p><p>In 2019 kn\u00fcpfte Autor des Projekts Kontakte zu Frau Professor Halina Ekiert &#8211; Leiterin der Abteilung f\u00fcr pharmazeutische Botanik am Collegium Medicum der Jagiellonen-Universit\u00e4t (CMUJ) in Krak\u03ccw (Polen), sowie zu Frau Dr. Agnieszka Rzepiela &#8211; Direktorin des Pharmaziemuseums an derselben Universit\u00e4t. Diese Kontakte f\u00fchrten zum Er\u00f6ffnen des Promotionsverfahrens an der pharmazeutischen Fakult\u00e4t der CMUJ. Die daraus resultierende Dissertation mit dem Titel: &#8222;<a href=\"https:\/\/ruj.uj.edu.pl\/server\/api\/core\/bitstreams\/7377114e-a879-430f-8784-a82fd277809d\/content\" target=\"_blank\" rel=\"noopener\">Die Bedeutung von <em>Artemisia vulgaris<\/em> L. (Beifu\u00df) in der Geschichte der Pharmazie und in der gegenw\u00e4rtigen Therapie<\/a>&#8221; (auf Polnisch) wurde im November 2023 verteidigt. Um Informationen f\u00fcr die Dissertation zu sammeln, reiste der Autor im Jahr 2018 sechs Monate lang durch die L\u00e4nder Zentralasiens und Russlands. Die Ergebnisse seiner Recherchen ver\u00f6ffentlichte er in dem deutschsprachigen Artikel &#8222;<a href=\"https:\/\/www.thieme-connect.com\/products\/ejournals\/pdf\/10.1055\/a-0879-8918.pdf\" target=\"_blank\" rel=\"noopener\">Auf der Suche nach <i>Artemisia vulgaris<\/i> L. Vom Iran bis Kamtschatka &#8211; ein Reisebericht<\/a>&#8221; (s.Pos 141. des <a href=\"https:\/\/artemisiavulgaris.com\/de\/bibliografia\/\">Literaturverzeichnisses<\/a>).<\/p><p>Dr. Paul Klin ist auch Spezialist f\u00fcr TCM &#8211; traditionelle chinesische Medizin. Um Qualifikationen auf diesem Gebiet zu sammeln unternahm er drei Reisen nach China, wo er insgesamt sechs Monate verbrachte und in drei TCM-Krankenh\u00e4usern praktizierte. Dar\u00fcber hinaus besitzt Dr. Klin ein Diplom als Akupunkteur, ausgestellt von der Bayerischen Landes\u00e4rztekammer (BL\u00c4K). Seine dreij\u00e4hrige Ausbildung in TCM-Kr\u00e4uterheilkunde erhielt er in den Kursen von Herrn Dr. Tadeusz Blaszczyk (\u2020) &#8211; Autor des 5-b\u00e4ndigen Werkes &#8222;Ich heile mit chinesischen Kr\u00e4utern. Chinese Materia Medica&#8221; &#8211; dem umfangreichsten Verzeichnis von TCM-Pflanzenarzneimittel- und Rohstoffen, das au\u00dferhalb Chinas ver\u00f6ffentlicht wurde. Dr. Tadeusz B\u0142aszczyk hat stets die Rolle des polnischen Gelehrten und Missionars Pater Micha\u0142 Boym (1612-1659) beim Studium und Kennenlernen der chinesischen Medizin sowie ihrer Verbreitung in Europa hervorgehoben.<\/p><p>Die Idee, eine Website \u00fcber das &#8222;<i>Artemisia vulgaris<\/i> Projekt&#8221; zu erstellen, entstand gegen Ende der wissenschaftlichen Bem\u00fchungen und Auseinandersetzungen mit seiner Doktorarbeit und entsprang dem gro\u00dfen Wunsch des Autors, sowohl das Thema der integrativen Medizin als auch die Ergebnisse seiner wissenschaftlichen Forschung dem internationalen Publikum n\u00e4her zu bringen. Um diese Ziele zu erreichen, wurde die Website mit einer <a href=\"https:\/\/artemisiavulgaris.com\/de\/prezentacja\/\">Multimedia-Pr\u00e4sentation<\/a> und detaillierten <a href=\"https:\/\/artemisiavulgaris.com\/de\/tabele\/\">Tabellen<\/a> angereichert.<\/p>\t\t\t\t\t\t\t\t<\/div>\n\t\t\t\t<\/div>\n\t\t\t\t<div class=\"elementor-element elementor-element-5ddaae8 text elementor-widget elementor-widget-text-editor\" data-id=\"5ddaae8\" data-element_type=\"widget\" data-e-type=\"widget\" data-widget_type=\"text-editor.default\">\n\t\t\t\t<div class=\"elementor-widget-container\">\n\t\t\t\t\t<style>.elementor-element-5ddaae8{display:none !important}<\/style>\t\t\t\t<\/div>\n\t\t\t\t<\/div>\n\t\t\t\t<\/div>\n\t\t\t\t\t<\/div>\n\t\t\t\t<\/div>\n\t\t\t\t<\/div>\n\t\t","protected":false},"excerpt":{"rendered":"<p>Kilka s\u0142\u00f3w o autorze &#8222;Projektu Artemisia vulgaris&#8222; Wprowadzenie: Bylica zwyczajna (Artemisia vulgaris L.) jako obiekt bada\u0144 Co to jest integracyjny portret terapeutyczny ro\u015bliny leczniczej? Wykaz poj\u0119\u0107 i skr\u00f3t\u00f3w Streszczenie integracyjnego portretu terapeutycznego Artemisia vulgaris L. + spis tre\u015bci Jeste\u015b tutaj: Kilka s\u0142\u00f3w o autorze \u201eProjektu Artemisia vulgaris\u201d Dr farmacji Pawe\u0142 Klin. Lekarz rodzinny w Bawarii. [&hellip;]<\/p>\n","protected":false},"author":1,"featured_media":0,"parent":7,"menu_order":0,"comment_status":"closed","ping_status":"closed","template":"","meta":{"footnotes":""},"class_list":["post-91","page","type-page","status-publish","hentry"],"_links":{"self":[{"href":"https:\/\/artemisiavulgaris.com\/de\/wp-json\/wp\/v2\/pages\/91","targetHints":{"allow":["GET"]}}],"collection":[{"href":"https:\/\/artemisiavulgaris.com\/de\/wp-json\/wp\/v2\/pages"}],"about":[{"href":"https:\/\/artemisiavulgaris.com\/de\/wp-json\/wp\/v2\/types\/page"}],"author":[{"embeddable":true,"href":"https:\/\/artemisiavulgaris.com\/de\/wp-json\/wp\/v2\/users\/1"}],"replies":[{"embeddable":true,"href":"https:\/\/artemisiavulgaris.com\/de\/wp-json\/wp\/v2\/comments?post=91"}],"version-history":[{"count":208,"href":"https:\/\/artemisiavulgaris.com\/de\/wp-json\/wp\/v2\/pages\/91\/revisions"}],"predecessor-version":[{"id":2313,"href":"https:\/\/artemisiavulgaris.com\/de\/wp-json\/wp\/v2\/pages\/91\/revisions\/2313"}],"up":[{"embeddable":true,"href":"https:\/\/artemisiavulgaris.com\/de\/wp-json\/wp\/v2\/pages\/7"}],"wp:attachment":[{"href":"https:\/\/artemisiavulgaris.com\/de\/wp-json\/wp\/v2\/media?parent=91"}],"curies":[{"name":"wp","href":"https:\/\/api.w.org\/{rel}","templated":true}]}}