{"id":1097,"date":"2024-05-15T07:07:10","date_gmt":"2024-05-15T05:07:10","guid":{"rendered":"https:\/\/cpsystem2.pl\/artemisiavulgaris.com\/?page_id=1097"},"modified":"2024-07-31T10:34:07","modified_gmt":"2024-07-31T08:34:07","slug":"wskazowki-dotyczace-korzystania-z-tabel","status":"publish","type":"page","link":"https:\/\/artemisiavulgaris.com\/en\/tables\/guidance-on-the-use-of-tables\/","title":{"rendered":"How to use tables"},"content":{"rendered":"\t\t<div data-elementor-type=\"wp-page\" data-elementor-id=\"1097\" class=\"elementor elementor-1097\" data-elementor-post-type=\"page\">\n\t\t\t\t<div class=\"elementor-element elementor-element-4171472 e-flex e-con-boxed e-con e-parent\" data-id=\"4171472\" data-element_type=\"container\" data-e-type=\"container\" data-settings=\"{&quot;background_background&quot;:&quot;classic&quot;,&quot;background_motion_fx_motion_fx_scrolling&quot;:&quot;yes&quot;,&quot;background_motion_fx_translateY_effect&quot;:&quot;yes&quot;,&quot;background_motion_fx_range&quot;:&quot;viewport&quot;,&quot;background_motion_fx_translateY_speed&quot;:{&quot;unit&quot;:&quot;px&quot;,&quot;size&quot;:4,&quot;sizes&quot;:[]},&quot;background_motion_fx_translateY_affectedRange&quot;:{&quot;unit&quot;:&quot;%&quot;,&quot;size&quot;:&quot;&quot;,&quot;sizes&quot;:{&quot;start&quot;:0,&quot;end&quot;:100}},&quot;background_motion_fx_devices&quot;:[&quot;desktop&quot;,&quot;laptop&quot;,&quot;tablet&quot;,&quot;mobile&quot;]}\">\n\t\t\t\t\t<div class=\"e-con-inner\">\n\t\t\t\t<div class=\"elementor-element elementor-element-d2bdd78 elementor-widget elementor-widget-heading\" data-id=\"d2bdd78\" data-element_type=\"widget\" data-e-type=\"widget\" data-widget_type=\"heading.default\">\n\t\t\t\t<div class=\"elementor-widget-container\">\n\t\t\t\t\t<span class=\"elementor-heading-title elementor-size-default\"><nav aria-label=\"breadcrumbs\" class=\"rank-math-breadcrumb\"><p><span class=\"label\">Jeste\u015b tutaj:<\/span> <span class=\"last\">Start<\/span><\/p><\/nav><\/span>\t\t\t\t<\/div>\n\t\t\t\t<\/div>\n\t\t\t\t<div class=\"elementor-element elementor-element-2a19d77 elementor-widget elementor-widget-heading\" data-id=\"2a19d77\" data-element_type=\"widget\" data-e-type=\"widget\" data-widget_type=\"heading.default\">\n\t\t\t\t<div class=\"elementor-widget-container\">\n\t\t\t\t\t<h1 class=\"elementor-heading-title elementor-size-default\">Wskaz\u00f3wki dotycz\u0105ce korzystania z tabel<\/h1>\t\t\t\t<\/div>\n\t\t\t\t<\/div>\n\t\t\t\t\t<\/div>\n\t\t\t\t<\/div>\n\t\t<div class=\"elementor-element elementor-element-cae1a9a e-flex e-con-boxed e-con e-parent\" data-id=\"cae1a9a\" data-element_type=\"container\" data-e-type=\"container\">\n\t\t\t\t\t<div class=\"e-con-inner\">\n\t\t\t\t<div class=\"elementor-element elementor-element-0a1051e text elementor-widget elementor-widget-text-editor\" data-id=\"0a1051e\" data-element_type=\"widget\" data-e-type=\"widget\" data-widget_type=\"text-editor.default\">\n\t\t\t\t<div class=\"elementor-widget-container\">\n\t\t\t\t\t<style>.elementor-element-0a1051e{display:none !important}<\/style>\t\t\t\t<\/div>\n\t\t\t\t<\/div>\n\t\t\t\t<div class=\"elementor-element elementor-element-5ebc6d4 text elementor-widget elementor-widget-text-editor\" data-id=\"5ebc6d4\" data-element_type=\"widget\" data-e-type=\"widget\" data-widget_type=\"text-editor.default\">\n\t\t\t\t<div class=\"elementor-widget-container\">\n\t\t\t\t\t\t\t\t\t<p>An important element of the \u201cArtemisia vulgaris project\u201d are the two main tables (<strong>Table A<\/strong> and <strong>Table B<\/strong>), which form an integral part of the project. These tables present the content of the doctoral <a href=\"https:\/\/ruj.uj.edu.pl\/server\/api\/core\/bitstreams\/7377114e-a879-430f-8784-a82fd277809d\/content\" target=\"_blank\" rel=\"noopener\">dissertation<\/a>\u00a0(in Polish language) in a graphically simplified and shorten form.<\/p><p><strong>Table<\/strong> A presents the analysed sources from antiquity to the mid-sixteenth century; <strong>Table B<\/strong> presents sources from the mid-sixteenth century to the present day and TCM.<\/p><p>In both tables, on <span style=\"text-decoration: underline;\">the ordinate (vertical) axis<\/span>, are presented 32 sources (or groups of sources) which had been analysed in detail in the doctoral dissertation in chronological order from antiquity to the 21st century; the last row in Table B contains information on TCM. <strong>Table A<\/strong> presents 20 sources, <strong>Table B<\/strong> presents 12 sources.<\/p><p>The abscissa (horizontal) axis presents 19 parameters of the holistic and materialistic medicine nomenclature against which each source was analysed and evaluated:<\/p><ol><li>author, title, publication date\/print date<\/li><li>name of the plant,<\/li><li>primary qualities (2 out of 4) (dry\/warm),<\/li><li>head \/ psyche,<\/li><li><b>{<\/b>Shen<b>}<\/b>,<\/li><li>chest \/ heart,<\/li><li><b>{<\/b>Fire<b>}<\/b> \/ {Upper Warmer},<\/li><li>Stomach,<\/li><li><b>{<\/b>Spleen<b>}<\/b>,<\/li><li><b>{<\/b>Middle Warmer<b>}<\/b>,<\/li><li><b>{<\/b>Liver<b>}<\/b>,<\/li><li>intestine,<\/li><li><b>{<\/b>Kidney<b>} <\/b>\/ urine bladder,<\/li><li><b>{<\/b>Water<b>}<\/b>,<\/li><li><a name=\"_Hlk167958313\"><\/a><b>{<\/b>Lower Warmer<b>}<\/b>,<\/li><li>females\u2019 ailments,<\/li><li><b>{<\/b>extraordinary meridian CHONG MAI \/ thrusting vessel (acupuncture route)<b>}<\/b>,<\/li><li>external applications,<\/li><li>others<\/li><\/ol><p>NOTE: Terms marked with curly brackets <b>{ }<\/b> belong to the glossary of TCM (although numbers 9,11,13 have their equivalents in EBM too). The doctoral <a href=\"https:\/\/ruj.uj.edu.pl\/server\/api\/core\/bitstreams\/7377114e-a879-430f-8784-a82fd277809d\/content\" target=\"_blank\" rel=\"noopener\">dissertation<\/a> (in Polish language)\u00a0explains all applied TCM terms in a \u201cGlossary of basic terms used in TCM\u201d (Chapter V, page 206). <span style=\"text-decoration: underline;\">The glossary in the doctoral dissertation is NOT arranged in alphabetical order!<\/span><\/p><p>The nomenclature of the above-mentioned parameters and their composition in this order result from an integrative (i.e. materialistic and holistic) analysis of the medicinal properties of mugwort, obtained from reading and analysing the scientific sources mentioned in the <a href=\"https:\/\/artemisiavulgaris.com\/bibliografia\/\">bibliography<\/a>\u00a0of the dissertation.<\/p><p>All holistic terms in the tables (including TCM) have been highlighted in <span style=\"background: #fff59f;\">yellow<\/span>. The purpose of this distinction was to highlight both the scope and importance of the holistic aspect in this project.<\/p><p>The terms of materialistic medicine are highlighted in <span style=\"background: #ecbb1f;\">orange<\/span> in the tables. Their presence in the pre-19th century period (considered to be the beginning of evidence-based medicine \u2013 EBM era) is due to their unchanged clinical transmission for thousands of years, identical to that of today, even if expressed in an ancient form, e.g.: &#8222;suffering from (kidney) stones&#8221;, &#8222;ikterita (jaundice)&#8221;, &#8222;ascites (ascites)&#8221;, &#8222;exitura ani (rectal prolapse)&#8221;, &#8222;menstruation enhances (emmenagogum)&#8221;, &#8222;uterine pains&#8221; and others.<\/p><p>In Table B, in the rows: KOMMISSION E, A.VULGARIS IN XXI CENTURY, TCM, the following parameters are described in Arabic and Roman numerals respectively:<\/p><ul><li><strong>KOMMISSION E<\/strong> &#8211; 29 fields of application of mugwort herb and root from monography of Kommission E &#8211; Arabic numerals (p. 168-169 <a href=\"https:\/\/ruj.uj.edu.pl\/server\/api\/core\/bitstreams\/7377114e-a879-430f-8784-a82fd277809d\/content\" target=\"_blank\" rel=\"noopener\">dissertation<\/a>)<\/li><li><b>A.VULGARIS in the 21st century<\/b> &#8211; 16+ new proven lines of biological activity of mugwort &#8211; Arabic numerals (p. 159-161 <a href=\"https:\/\/ruj.uj.edu.pl\/server\/api\/core\/bitstreams\/7377114e-a879-430f-8784-a82fd277809d\/content\" target=\"_blank\" rel=\"noopener\">dissertation<\/a>)<\/li><li><strong>TCM<\/strong> &#8211; 29 disorder patterns (BianZheng) from Chapter III\/2 &#8211; Roman numerals (p.170 of the <a href=\"https:\/\/ruj.uj.edu.pl\/server\/api\/core\/bitstreams\/7377114e-a879-430f-8784-a82fd277809d\/content\" target=\"_blank\" rel=\"noopener\">dissertation<\/a>)<\/li><\/ul><p>NOTE: the same number of disorder patterns (BianZheng\/TCM) and fields of application in the monography of Kommission E (29) is coincidental and has no substantive meaning. 5 disorder patterns (BianZheng) are clinically identical with 5 fields of application and therefore have both Roman and Arabic numbering.<\/p><p>In addition, in Table B, in the source: <strong>KOMMISSION E<\/strong>, a pink table containing 11 fields of application has been highlighted. The significance of this table is described in the <a href=\"https:\/\/ruj.uj.edu.pl\/server\/api\/core\/bitstreams\/7377114e-a879-430f-8784-a82fd277809d\/content\" target=\"_blank\" rel=\"noopener\">dissertation<\/a> on pages 189-191.<\/p><p>From the separation of the two main tables, four auxiliary tables were created:<\/p><p><strong>Table A\/H<\/strong> and <strong>Table B\/H<\/strong> containing only the nomenclature of holistic medicine;<\/p><p><strong>Table A\/M<\/strong> and <strong>Table B\/M<\/strong> containing only the nomenclature of materialistic (non-holistic) medicine.<\/p><p>The purpose of this separation was to facilitate the evaluation and analysis of the content of both types of medicine, as well as to graphically illustrate the amount of information contained in each. Data on authors and titles of works, publication date\/printing date and plant names were considered common and were presented in the same way for both types of medicine.<\/p><p>In addition to the tables posted on <strong>www<\/strong>. for direct viewing, all tables have also been made available in .<strong>pdf<\/strong> to download and print. The author of the project strongly recommends printing the tables in colour, in A3 format (or larger) for a better visual perception.<\/p>\t\t\t\t\t\t\t\t<\/div>\n\t\t\t\t<\/div>\n\t\t\t\t<div class=\"elementor-element elementor-element-2cc6339 text elementor-widget elementor-widget-text-editor\" data-id=\"2cc6339\" data-element_type=\"widget\" data-e-type=\"widget\" data-widget_type=\"text-editor.default\">\n\t\t\t\t<div class=\"elementor-widget-container\">\n\t\t\t\t\t<style>.elementor-element-2cc6339{display:none !important}<\/style>\t\t\t\t<\/div>\n\t\t\t\t<\/div>\n\t\t\t\t\t<\/div>\n\t\t\t\t<\/div>\n\t\t\t\t<\/div>\n\t\t","protected":false},"excerpt":{"rendered":"<p>Wa\u017cnym elementem \u201eProjektu Artemisia vulgaris\u201d s\u0105 dwie tabele g\u0142\u00f3wne (Tabela A i Tabela B), kt\u00f3re stanowi\u0105 jego integraln\u0105 cz\u0119\u015b\u0107. Tabele te prezentuj\u0105 tre\u015b\u0107 zawart\u0105 w rozprawie doktorskiej&nbsp;w graficznie uproszczonej i skr\u00f3conej formie. Tabela A przedstawia analizowane \u017ar\u00f3d\u0142a z okresu od antyku do po\u0142owy XVI wieku; w Tabeli B przedstawiono \u017ar\u00f3d\u0142a z okresu od po\u0142owy XVI [&hellip;]<\/p>\n","protected":false},"author":1,"featured_media":0,"parent":15,"menu_order":0,"comment_status":"closed","ping_status":"closed","template":"","meta":{"footnotes":""},"class_list":["post-1097","page","type-page","status-publish","hentry"],"_links":{"self":[{"href":"https:\/\/artemisiavulgaris.com\/en\/wp-json\/wp\/v2\/pages\/1097","targetHints":{"allow":["GET"]}}],"collection":[{"href":"https:\/\/artemisiavulgaris.com\/en\/wp-json\/wp\/v2\/pages"}],"about":[{"href":"https:\/\/artemisiavulgaris.com\/en\/wp-json\/wp\/v2\/types\/page"}],"author":[{"embeddable":true,"href":"https:\/\/artemisiavulgaris.com\/en\/wp-json\/wp\/v2\/users\/1"}],"replies":[{"embeddable":true,"href":"https:\/\/artemisiavulgaris.com\/en\/wp-json\/wp\/v2\/comments?post=1097"}],"version-history":[{"count":71,"href":"https:\/\/artemisiavulgaris.com\/en\/wp-json\/wp\/v2\/pages\/1097\/revisions"}],"predecessor-version":[{"id":2357,"href":"https:\/\/artemisiavulgaris.com\/en\/wp-json\/wp\/v2\/pages\/1097\/revisions\/2357"}],"up":[{"embeddable":true,"href":"https:\/\/artemisiavulgaris.com\/en\/wp-json\/wp\/v2\/pages\/15"}],"wp:attachment":[{"href":"https:\/\/artemisiavulgaris.com\/en\/wp-json\/wp\/v2\/media?parent=1097"}],"curies":[{"name":"wp","href":"https:\/\/api.w.org\/{rel}","templated":true}]}}