{"id":85,"date":"2024-04-23T10:46:04","date_gmt":"2024-04-23T08:46:04","guid":{"rendered":"https:\/\/cpsystem2.pl\/artemisiavulgaris.com\/?page_id=85"},"modified":"2024-07-21T13:02:04","modified_gmt":"2024-07-21T11:02:04","slug":"wykaz-pojec-i-skrotow","status":"publish","type":"page","link":"https:\/\/artemisiavulgaris.com\/en\/wprowadzenie\/list-of-terms-and-abbreviations\/","title":{"rendered":"List of terms and abbreviations"},"content":{"rendered":"\t\t<div data-elementor-type=\"wp-page\" data-elementor-id=\"85\" class=\"elementor elementor-85\" data-elementor-post-type=\"page\">\n\t\t\t\t<div class=\"elementor-element elementor-element-6ed5c6e e-flex e-con-boxed e-con e-parent\" data-id=\"6ed5c6e\" data-element_type=\"container\" data-e-type=\"container\" data-settings=\"{&quot;background_background&quot;:&quot;classic&quot;,&quot;background_motion_fx_motion_fx_scrolling&quot;:&quot;yes&quot;,&quot;background_motion_fx_translateY_effect&quot;:&quot;yes&quot;,&quot;background_motion_fx_range&quot;:&quot;viewport&quot;,&quot;background_motion_fx_translateY_speed&quot;:{&quot;unit&quot;:&quot;px&quot;,&quot;size&quot;:4,&quot;sizes&quot;:[]},&quot;background_motion_fx_translateY_affectedRange&quot;:{&quot;unit&quot;:&quot;%&quot;,&quot;size&quot;:&quot;&quot;,&quot;sizes&quot;:{&quot;start&quot;:0,&quot;end&quot;:100}},&quot;background_motion_fx_devices&quot;:[&quot;desktop&quot;,&quot;laptop&quot;,&quot;tablet&quot;,&quot;mobile&quot;]}\">\n\t\t\t\t\t<div class=\"e-con-inner\">\n\t\t\t\t<div class=\"elementor-element elementor-element-73456be elementor-widget elementor-widget-heading\" data-id=\"73456be\" data-element_type=\"widget\" data-e-type=\"widget\" data-widget_type=\"heading.default\">\n\t\t\t\t<div class=\"elementor-widget-container\">\n\t\t\t\t\t<span class=\"elementor-heading-title elementor-size-default\"><nav aria-label=\"breadcrumbs\" class=\"rank-math-breadcrumb\"><p><span class=\"label\">Jeste\u015b tutaj:<\/span> <span class=\"last\">Start<\/span><\/p><\/nav><\/span>\t\t\t\t<\/div>\n\t\t\t\t<\/div>\n\t\t\t\t<div class=\"elementor-element elementor-element-23cc567 elementor-widget elementor-widget-heading\" data-id=\"23cc567\" data-element_type=\"widget\" data-e-type=\"widget\" data-widget_type=\"heading.default\">\n\t\t\t\t<div class=\"elementor-widget-container\">\n\t\t\t\t\t<h1 class=\"elementor-heading-title elementor-size-default\">Wykaz poj\u0119\u0107 i skr\u00f3t\u00f3w<\/h1>\t\t\t\t<\/div>\n\t\t\t\t<\/div>\n\t\t\t\t\t<\/div>\n\t\t\t\t<\/div>\n\t\t<div class=\"elementor-element elementor-element-a77a941 e-flex e-con-boxed e-con e-parent\" data-id=\"a77a941\" data-element_type=\"container\" data-e-type=\"container\">\n\t\t\t\t\t<div class=\"e-con-inner\">\n\t\t<div class=\"elementor-element elementor-element-50c0a0d e-con-full e-flex e-con e-child\" data-id=\"50c0a0d\" data-element_type=\"container\" data-e-type=\"container\" data-settings=\"{&quot;background_background&quot;:&quot;classic&quot;,&quot;sticky&quot;:&quot;top&quot;,&quot;sticky_on&quot;:[&quot;desktop&quot;,&quot;laptop&quot;,&quot;tablet&quot;],&quot;sticky_offset&quot;:100,&quot;sticky_parent&quot;:&quot;yes&quot;,&quot;sticky_effects_offset&quot;:0,&quot;sticky_anchor_link_offset&quot;:0}\">\n\t\t\t\t<div class=\"elementor-element elementor-element-d3f22ab elementor-widget elementor-widget-heading\" data-id=\"d3f22ab\" data-element_type=\"widget\" data-e-type=\"widget\" data-widget_type=\"heading.default\">\n\t\t\t\t<div class=\"elementor-widget-container\">\n\t\t\t\t\t<p class=\"elementor-heading-title elementor-size-default\">Wprowadzenie:<\/p>\t\t\t\t<\/div>\n\t\t\t\t<\/div>\n\t\t\t\t<div class=\"elementor-element elementor-element-afa9aa5 elementor-widget elementor-widget-heading\" data-id=\"afa9aa5\" data-element_type=\"widget\" data-e-type=\"widget\" data-widget_type=\"heading.default\">\n\t\t\t\t<div class=\"elementor-widget-container\">\n\t\t\t\t\t<p class=\"elementor-heading-title elementor-size-default\"><a href=\"https:\/\/artemisiavulgaris.com\/wprowadzenie\/bylica-zwyczajna-artemisia-vulgaris-l-jako-obiekt-badan-sylwetka-pomyslodawcy-i-jego-argumenty-za-wyborem-tej-rosliny-leczniczej\/\">Bylica zwyczajna (Artemisia vulgaris L.) jako obiekt bada\u0144<\/a><\/p>\t\t\t\t<\/div>\n\t\t\t\t<\/div>\n\t\t\t\t<div class=\"elementor-element elementor-element-b2f73b9 elementor-widget elementor-widget-heading\" data-id=\"b2f73b9\" data-element_type=\"widget\" data-e-type=\"widget\" data-widget_type=\"heading.default\">\n\t\t\t\t<div class=\"elementor-widget-container\">\n\t\t\t\t\t<p class=\"elementor-heading-title elementor-size-default\"><a href=\"https:\/\/artemisiavulgaris.com\/wprowadzenie\/co-to-jest-integracyjny-portret-terapeutyczny-rosliny-leczniczej-czego-dotyczy-integracja-i-jakie-sa-jej-skladowe\/\">Co to jest integracyjny portret terapeutyczny ro\u015bliny leczniczej?<\/a><\/p>\t\t\t\t<\/div>\n\t\t\t\t<\/div>\n\t\t\t\t<div class=\"elementor-element elementor-element-85c88d3 elementor-widget elementor-widget-heading\" data-id=\"85c88d3\" data-element_type=\"widget\" data-e-type=\"widget\" data-widget_type=\"heading.default\">\n\t\t\t\t<div class=\"elementor-widget-container\">\n\t\t\t\t\t<p class=\"elementor-heading-title elementor-size-default\"><a href=\"https:\/\/artemisiavulgaris.com\/wprowadzenie\/wykaz-pojec-i-skrotow\/\"><strong style=\"color:#000\">Jeste\u015b tutaj:<\/strong> Wykaz poj\u0119\u0107 i skr\u00f3t\u00f3w\n<\/a><\/p>\t\t\t\t<\/div>\n\t\t\t\t<\/div>\n\t\t\t\t<div class=\"elementor-element elementor-element-b1d3af0 elementor-widget elementor-widget-heading\" data-id=\"b1d3af0\" data-element_type=\"widget\" data-e-type=\"widget\" data-widget_type=\"heading.default\">\n\t\t\t\t<div class=\"elementor-widget-container\">\n\t\t\t\t\t<p class=\"elementor-heading-title elementor-size-default\"><a href=\"https:\/\/artemisiavulgaris.com\/wprowadzenie\/streszczenie-integracyjnego-portretu-terapeutycznego-artemisia-vulgaris-l\/\">Streszczenie integracyjnego portretu terapeutycznego <em style=\"color:#18773E\">Artemisia vulgaris<\/em> L. + spis tre\u015bci<\/a><\/p>\t\t\t\t<\/div>\n\t\t\t\t<\/div>\n\t\t\t\t<div class=\"elementor-element elementor-element-5d0c5ad elementor-widget elementor-widget-heading\" data-id=\"5d0c5ad\" data-element_type=\"widget\" data-e-type=\"widget\" data-widget_type=\"heading.default\">\n\t\t\t\t<div class=\"elementor-widget-container\">\n\t\t\t\t\t<p class=\"elementor-heading-title elementor-size-default\"><a href=\"https:\/\/artemisiavulgaris.com\/wprowadzenie\/kilka-slow-o-autorze-projektu-artemisia-vulgaris\/\">Kilka s\u0142\u00f3w   o autorze \u201eProjektu <i>Artemisia vulgaris<\/i>\u201d\n<\/a><\/p>\t\t\t\t<\/div>\n\t\t\t\t<\/div>\n\t\t\t\t<\/div>\n\t\t<div class=\"elementor-element elementor-element-75854a0 e-con-full text e-flex e-con e-child\" data-id=\"75854a0\" data-element_type=\"container\" data-e-type=\"container\">\n\t\t\t\t<div class=\"elementor-element elementor-element-5ac57a9 elementor-widget elementor-widget-text-editor\" data-id=\"5ac57a9\" data-element_type=\"widget\" data-e-type=\"widget\" data-widget_type=\"text-editor.default\">\n\t\t\t\t<div class=\"elementor-widget-container\">\n\t\t\t\t\t\t\t\t\t<p><strong>MEDYCYNA HOLISTYCZNA<\/strong>\u00a0&#8211; medycyna opieraj\u0105ca si\u0119 na za\u0142o\u017ceniu, \u017ce stan umys\u0142u, ducha i cia\u0142a wzajemnie wp\u0142ywaj\u0105 na siebie i \u017ce nale\u017cy leczy\u0107 ca\u0142y organizm, a nie tylko jego chor\u0105 cz\u0119\u015b\u0107. Przyk\u0142adami system\u00f3w medycy holistycznej jest tradycyjna medycyna chi\u0144ska (TCM) oraz indyjska ajurweda.<\/p><p><strong>EBM<\/strong>\u00a0\u2013 <u>Evidence Based Medicine<\/u>\u00a0&#8211; medycyna oparta na faktach, medycyna oparta na dowodach (naukowych), dotycz\u0105cych skuteczno\u015bci i bezpiecze\u0144stwa terapii. Dowod\u00f3w takich dostarczaj\u0105 wyniki bada\u0144 eksperymentalnych (RCT\/p. ni\u017cej) oraz bada\u0144 obserwacyjnych. W XX wieku EBM by\u0142a ortodoksyjnie zdominowana przez statystyk\u0119 i epidemiologi\u0119; w XXI wieku pojawi\u0142 si\u0119 w EBM aspekt integracyjny, uwzgl\u0119dniaj\u0105cy w leczeniu rol\u0119 indywidualnego do\u015bwiadczenia lekarza oraz sytemu warto\u015bci pacjenta jako czynnik\u00f3w r\u00f3wnoprawnych z dowodami naukowymi w podejmowaniu decyzji medycznych. Pomimo to, EBM nadal pozostaje medycyn\u0105 materialistyczn\u0105, kt\u00f3ra postrzega i opisuje naukowo cz\u0142owieka jako jednostk\u0119 wyizolowan\u0105 z otoczenia i funkcjonalnie rozdzielon\u0105 na dwa aspekty: cia\u0142a i sfery niecielesnej (psychiki).<\/p><p><strong>TCM<\/strong>\u00a0\u2013 <u>Traditional Chinese Medicine<\/u>\u00a0\u2013 tradycyjna chi\u0144ska medycyna: szko\u0142a medycyny holistycznej, kt\u00f3ra obejmuje teori\u0119 i praktyk\u0119 medyczn\u0105, powsta\u0142e ok. 1000 lat p.n.e. w Chinach i b\u0119d\u0105ce konsekwentnie rozwijane do dzisiaj. Zawiera ona r\u00f3\u017cne formy medycyny: zio\u0142olecznictwo, akupunktur\u0119, masa\u017ce, \u0107wiczenia Qi-gong i terapie dietetyczne, a ostatnio tak\u017ce elementy medycyny materialistycznej. Koncepcje cia\u0142a i choroby stosowane w TCM odzwierciedlaj\u0105 jej staro\u017cytne pochodzenie, gdy filozoficzny nacisk k\u0142adziono na rol\u0119 dynamiki zar\u00f3wno w procesach chorobowych, jak i terapeutycznych, a nie na struktur\u0119 materialn\u0105 leczonych tkanek. Holizm TCM przejawia si\u0119 w traktowaniu i opisie cz\u0142owieka jako elementu nierozerwalnego uk\u0142adu: natura (otaczaj\u0105ce \u015brodowisko) \u2013 cz\u0142owiek cielesny &#8211; cz\u0142owiek i jego psychika, w kt\u00f3rym wszystkie elementy sk\u0142adowe wp\u0142ywaj\u0105 na siebie nawzajem.<\/p><p><strong>RCT<\/strong>\u00a0\u2013 <u>Randomized Controlled Trials<\/u>\u00a0&#8211; randomizowane kontrolowane badania kliniczne \u2013 \u201ez\u0142oty standard\u201d eksperyment\u00f3w klinicznych medycyny opartej na faktach; randomizowane kontrolowane badania kliniczne pomagaj\u0105 okre\u015bli\u0107, czy zmiana zasad stosowania (np. lek\u00f3w), interwencji (np. wskaza\u0144 do zabieg\u00f3w operacyjnych) lub praktyki (np. standard\u00f3w higienicznych) powoduje zmiany w wynikach ko\u0144cowych badanych ludzi (probant\u00f3w). W ramach RCT probanci s\u0105 losowo przydzielani do dw\u00f3ch grup: \u201eleczenia\u201d i \u201ekontroli\u201d. Interwencj\u0119 lub zmian\u0119 stosuje si\u0119 do grupy leczonej, ale nie do grupy kontrolnej i obserwuje si\u0119 wyniki obu grup. RCT wykonywane s\u0105 wed\u0142ug \u015bci\u015ble ustalonych protoko\u0142\u00f3w bada\u0144, powsta\u0142ych zgodnie z zasadami dobrej praktyki klinicznej, a celem RCT jest zdobycie dowod\u00f3w naukowych. RCT, obok bada\u0144 obserwacyjnych, to rodzaj bada\u0144 stanowi\u0105cych jedn\u0105 z podstaw medycyny opartej na faktach (EBM).<\/p><p><strong>ICD<\/strong>\u00a0&#8211; <u>International Classification of Diseases and Related Health Problems<\/u>&#8211; mi\u0119dzynarodowa klasyfikacja chor\u00f3b i problem\u00f3w zdrowotnych (a tak\u017ce procedur medycznych). Jest to najwa\u017cniejszy, uznawany na ca\u0142ym \u015bwiecie, system klasyfikacji diagnoz medycznych. Polega na przypisaniu terminologii medycznej (diagnozom i procedurom) kod\u00f3w, kt\u00f3re u\u0142atwiaj\u0105 organizacj\u0119 pracy, stawianie diagnoz, a tak\u017ce prowadzenie bada\u0144 statystycznych w zakresie zachorowalno\u015bci i umieralno\u015bci. Pierwsza wersja (ICD-1) zosta\u0142a opublikowana w 1900 roku przez rz\u0105d Francji z umownym terminem rewizji tre\u015bci co 10 lat i do 1948 roku (ICD-6) [jej tre\u015b\u0107\/zawarto\u015b\u0107] ogranicza\u0142a si\u0119 tylko do chor\u00f3b b\u0119d\u0105cych przyczyn\u0105 \u015bmierci. Pocz\u0105wszy od wersji ICD-6 jest opracowywana i wydawana przez \u015awiatow\u0105 Organizacj\u0119 Zdrowia (WHO). Od stycznia 2022 roku obowi\u0105zuje wersja ICD-11, zawieraj\u0105ca 55.000 jednostek chorobowych i procedur. (ICD-10 zawiera\u0142a 14.400 pozycji; obowi\u0105zywa\u0142a od 1990 roku.)<\/p><p><strong>\u00a0<\/strong><\/p><p><strong>Opracowano z wykorzystaniem nast\u0119puj\u0105cych \u017ar\u00f3de\u0142 internetowych:<\/strong><\/p><p><a href=\"https:\/\/sjp.pwn.pl\/slowniki\/holistyczny.html\" target=\"_blank\" rel=\"noopener\">https:\/\/sjp.pwn.pl\/slowniki\/holistyczny.html<\/a><\/p><p><a href=\"https:\/\/pl.wikipedia.org\/wiki\/Evidence-based_medicine\" target=\"_blank\" rel=\"noopener\">https:\/\/pl.wikipedia.org\/wiki\/Evidence-based_medicine<\/a><\/p><p><a href=\"https:\/\/pl.wikipedia.org\/wiki\/Tradycyjna_medycyna_chi%C5%84ska\" target=\"_blank\" rel=\"noopener\">https:\/\/pl.wikipedia.org\/wiki\/Tradycyjna_medycyna_chi%C5%84ska<\/a><\/p><p><a href=\"https:\/\/pl.wikipedia.org\/wiki\/Randomizowane_kontrolowane_badania_kliniczne\" target=\"_blank\" rel=\"noopener\">https:\/\/pl.wikipedia.org\/wiki\/Randomizowane_kontrolowane_badania_kliniczne<\/a><\/p><p><a href=\"https:\/\/pl.wikipedia.org\/wiki\/Mi%C4%99dzynarodowa_Klasyfikacja_Chor%C3%B3b\" target=\"_blank\" rel=\"noopener\">https:\/\/pl.wikipedia.org\/wiki\/Mi%C4%99dzynarodowa_Klasyfikacja_Chor%C3%B3b<\/a><\/p>\t\t\t\t\t\t\t\t<\/div>\n\t\t\t\t<\/div>\n\t\t\t\t<\/div>\n\t\t\t\t\t<\/div>\n\t\t\t\t<\/div>\n\t\t\t\t<\/div>\n\t\t","protected":false},"excerpt":{"rendered":"<p>Wprowadzenie: Bylica zwyczajna (Artemisia vulgaris L.) jako obiekt bada\u0144 Co to jest integracyjny portret terapeutyczny ro\u015bliny leczniczej? Jeste\u015b tutaj: Wykaz poj\u0119\u0107 i skr\u00f3t\u00f3w Streszczenie integracyjnego portretu terapeutycznego Artemisia vulgaris L. + spis tre\u015bci Kilka s\u0142\u00f3w o autorze \u201eProjektu Artemisia vulgaris\u201d MEDYCYNA HOLISTYCZNA\u00a0&#8211; medycyna opieraj\u0105ca si\u0119 na za\u0142o\u017ceniu, \u017ce stan umys\u0142u, ducha i cia\u0142a wzajemnie wp\u0142ywaj\u0105 [&hellip;]<\/p>\n","protected":false},"author":1,"featured_media":0,"parent":7,"menu_order":0,"comment_status":"closed","ping_status":"closed","template":"","meta":{"footnotes":""},"class_list":["post-85","page","type-page","status-publish","hentry"],"_links":{"self":[{"href":"https:\/\/artemisiavulgaris.com\/en\/wp-json\/wp\/v2\/pages\/85","targetHints":{"allow":["GET"]}}],"collection":[{"href":"https:\/\/artemisiavulgaris.com\/en\/wp-json\/wp\/v2\/pages"}],"about":[{"href":"https:\/\/artemisiavulgaris.com\/en\/wp-json\/wp\/v2\/types\/page"}],"author":[{"embeddable":true,"href":"https:\/\/artemisiavulgaris.com\/en\/wp-json\/wp\/v2\/users\/1"}],"replies":[{"embeddable":true,"href":"https:\/\/artemisiavulgaris.com\/en\/wp-json\/wp\/v2\/comments?post=85"}],"version-history":[{"count":59,"href":"https:\/\/artemisiavulgaris.com\/en\/wp-json\/wp\/v2\/pages\/85\/revisions"}],"predecessor-version":[{"id":1689,"href":"https:\/\/artemisiavulgaris.com\/en\/wp-json\/wp\/v2\/pages\/85\/revisions\/1689"}],"up":[{"embeddable":true,"href":"https:\/\/artemisiavulgaris.com\/en\/wp-json\/wp\/v2\/pages\/7"}],"wp:attachment":[{"href":"https:\/\/artemisiavulgaris.com\/en\/wp-json\/wp\/v2\/media?parent=85"}],"curies":[{"name":"wp","href":"https:\/\/api.w.org\/{rel}","templated":true}]}}