{"id":91,"date":"2024-04-23T10:46:52","date_gmt":"2024-04-23T08:46:52","guid":{"rendered":"https:\/\/cpsystem2.pl\/artemisiavulgaris.com\/?page_id=91"},"modified":"2024-07-29T15:10:36","modified_gmt":"2024-07-29T13:10:36","slug":"kilka-slow-o-autorze-projektu-artemisia-vulgaris","status":"publish","type":"page","link":"https:\/\/artemisiavulgaris.com\/en\/wprowadzenie\/a-few-words-about-the-author-of-the-artemisia-vulgaris-project\/","title":{"rendered":"Kilka slow o autorze &#8222;Projektu Artemisia vulgaris&#8221;"},"content":{"rendered":"\t\t<div data-elementor-type=\"wp-page\" data-elementor-id=\"91\" class=\"elementor elementor-91\" data-elementor-post-type=\"page\">\n\t\t\t\t<div class=\"elementor-element elementor-element-2e20a92 e-flex e-con-boxed e-con e-parent\" data-id=\"2e20a92\" data-element_type=\"container\" data-e-type=\"container\" data-settings=\"{&quot;background_background&quot;:&quot;classic&quot;,&quot;background_motion_fx_motion_fx_scrolling&quot;:&quot;yes&quot;,&quot;background_motion_fx_translateY_effect&quot;:&quot;yes&quot;,&quot;background_motion_fx_range&quot;:&quot;viewport&quot;,&quot;background_motion_fx_translateY_speed&quot;:{&quot;unit&quot;:&quot;px&quot;,&quot;size&quot;:4,&quot;sizes&quot;:[]},&quot;background_motion_fx_translateY_affectedRange&quot;:{&quot;unit&quot;:&quot;%&quot;,&quot;size&quot;:&quot;&quot;,&quot;sizes&quot;:{&quot;start&quot;:0,&quot;end&quot;:100}},&quot;background_motion_fx_devices&quot;:[&quot;desktop&quot;,&quot;laptop&quot;,&quot;tablet&quot;,&quot;mobile&quot;]}\">\n\t\t\t\t\t<div class=\"e-con-inner\">\n\t\t\t\t<div class=\"elementor-element elementor-element-218f131 elementor-widget elementor-widget-heading\" data-id=\"218f131\" data-element_type=\"widget\" data-e-type=\"widget\" data-widget_type=\"heading.default\">\n\t\t\t\t<div class=\"elementor-widget-container\">\n\t\t\t\t\t<span class=\"elementor-heading-title elementor-size-default\"><nav aria-label=\"breadcrumbs\" class=\"rank-math-breadcrumb\"><p><span class=\"label\">Jeste\u015b tutaj:<\/span> <span class=\"last\">Start<\/span><\/p><\/nav><\/span>\t\t\t\t<\/div>\n\t\t\t\t<\/div>\n\t\t\t\t<div class=\"elementor-element elementor-element-9742f93 elementor-widget elementor-widget-heading\" data-id=\"9742f93\" data-element_type=\"widget\" data-e-type=\"widget\" data-widget_type=\"heading.default\">\n\t\t\t\t<div class=\"elementor-widget-container\">\n\t\t\t\t\t<h1 class=\"elementor-heading-title elementor-size-default\">Kilka s\u0142\u00f3w o autorze \"Projektu <i>Artemisia vulgaris<\/i>\"<\/h1>\t\t\t\t<\/div>\n\t\t\t\t<\/div>\n\t\t\t\t\t<\/div>\n\t\t\t\t<\/div>\n\t\t<div class=\"elementor-element elementor-element-0a12b03 e-flex e-con-boxed e-con e-parent\" data-id=\"0a12b03\" data-element_type=\"container\" data-e-type=\"container\">\n\t\t\t\t\t<div class=\"e-con-inner\">\n\t\t<div class=\"elementor-element elementor-element-76ded7e e-con-full e-flex e-con e-child\" data-id=\"76ded7e\" data-element_type=\"container\" data-e-type=\"container\" data-settings=\"{&quot;background_background&quot;:&quot;classic&quot;,&quot;sticky&quot;:&quot;top&quot;,&quot;sticky_on&quot;:[&quot;desktop&quot;,&quot;laptop&quot;,&quot;tablet&quot;],&quot;sticky_offset&quot;:100,&quot;sticky_parent&quot;:&quot;yes&quot;,&quot;sticky_effects_offset&quot;:0,&quot;sticky_anchor_link_offset&quot;:0}\">\n\t\t\t\t<div class=\"elementor-element elementor-element-71ade88 elementor-widget elementor-widget-heading\" data-id=\"71ade88\" data-element_type=\"widget\" data-e-type=\"widget\" data-widget_type=\"heading.default\">\n\t\t\t\t<div class=\"elementor-widget-container\">\n\t\t\t\t\t<p class=\"elementor-heading-title elementor-size-default\">Wprowadzenie:<\/p>\t\t\t\t<\/div>\n\t\t\t\t<\/div>\n\t\t\t\t<div class=\"elementor-element elementor-element-14a76e2 elementor-widget elementor-widget-heading\" data-id=\"14a76e2\" data-element_type=\"widget\" data-e-type=\"widget\" data-widget_type=\"heading.default\">\n\t\t\t\t<div class=\"elementor-widget-container\">\n\t\t\t\t\t<p class=\"elementor-heading-title elementor-size-default\"><a href=\"https:\/\/artemisiavulgaris.com\/wprowadzenie\/bylica-zwyczajna-artemisia-vulgaris-l-jako-obiekt-badan-sylwetka-pomyslodawcy-i-jego-argumenty-za-wyborem-tej-rosliny-leczniczej\/\">Bylica zwyczajna (<em style=\"color:#18773E\">Artemisia vulgaris<\/em> L.) jako obiekt bada\u0144<\/a><\/p>\t\t\t\t<\/div>\n\t\t\t\t<\/div>\n\t\t\t\t<div class=\"elementor-element elementor-element-4c79525 elementor-widget elementor-widget-heading\" data-id=\"4c79525\" data-element_type=\"widget\" data-e-type=\"widget\" data-widget_type=\"heading.default\">\n\t\t\t\t<div class=\"elementor-widget-container\">\n\t\t\t\t\t<p class=\"elementor-heading-title elementor-size-default\"><a href=\"https:\/\/artemisiavulgaris.com\/wprowadzenie\/co-to-jest-integracyjny-portret-terapeutyczny-rosliny-leczniczej-czego-dotyczy-integracja-i-jakie-sa-jej-skladowe\/\">Co to jest integracyjny portret terapeutyczny ro\u015bliny leczniczej?<\/a><\/p>\t\t\t\t<\/div>\n\t\t\t\t<\/div>\n\t\t\t\t<div class=\"elementor-element elementor-element-1b97cc8 elementor-widget elementor-widget-heading\" data-id=\"1b97cc8\" data-element_type=\"widget\" data-e-type=\"widget\" data-widget_type=\"heading.default\">\n\t\t\t\t<div class=\"elementor-widget-container\">\n\t\t\t\t\t<p class=\"elementor-heading-title elementor-size-default\"><a href=\"https:\/\/artemisiavulgaris.com\/wprowadzenie\/wykaz-pojec-i-skrotow\/\">Wykaz poj\u0119\u0107 i skr\u00f3t\u00f3w\n<\/a><\/p>\t\t\t\t<\/div>\n\t\t\t\t<\/div>\n\t\t\t\t<div class=\"elementor-element elementor-element-cb4a7f3 elementor-widget elementor-widget-heading\" data-id=\"cb4a7f3\" data-element_type=\"widget\" data-e-type=\"widget\" data-widget_type=\"heading.default\">\n\t\t\t\t<div class=\"elementor-widget-container\">\n\t\t\t\t\t<p class=\"elementor-heading-title elementor-size-default\"><a href=\"https:\/\/artemisiavulgaris.com\/wprowadzenie\/streszczenie-integracyjnego-portretu-terapeutycznego-artemisia-vulgaris-l\/\">Streszczenie integracyjnego portretu terapeutycznego <em style=\"color:#18773E\">Artemisia vulgaris<\/em> L. + spis tre\u015bci<\/a><\/p>\t\t\t\t<\/div>\n\t\t\t\t<\/div>\n\t\t\t\t<div class=\"elementor-element elementor-element-e7b7ba6 elementor-widget elementor-widget-heading\" data-id=\"e7b7ba6\" data-element_type=\"widget\" data-e-type=\"widget\" data-widget_type=\"heading.default\">\n\t\t\t\t<div class=\"elementor-widget-container\">\n\t\t\t\t\t<p class=\"elementor-heading-title elementor-size-default\"><a href=\"https:\/\/artemisiavulgaris.com\/wprowadzenie\/kilka-slow-o-autorze-projektu-artemisia-vulgaris\/\"><strong style=\"color:#000\">Jeste\u015b tutaj:<\/strong> Kilka s\u0142\u00f3w o autorze \u201eProjektu <i>Artemisia vulgaris<\/i>\u201d\n<\/a><\/p>\t\t\t\t<\/div>\n\t\t\t\t<\/div>\n\t\t\t\t<\/div>\n\t\t<div class=\"elementor-element elementor-element-2756fda e-con-full e-flex e-con e-child\" data-id=\"2756fda\" data-element_type=\"container\" data-e-type=\"container\">\n\t\t\t\t<div class=\"elementor-element elementor-element-1e423e3 elementor-widget elementor-widget-image\" data-id=\"1e423e3\" data-element_type=\"widget\" data-e-type=\"widget\" data-widget_type=\"image.default\">\n\t\t\t\t<div class=\"elementor-widget-container\">\n\t\t\t\t\t<style>.elementor-element-1e423e3{display:none !important}<\/style>\t\t\t\t<\/div>\n\t\t\t\t<\/div>\n\t\t\t\t<div class=\"elementor-element elementor-element-06e0c81 elementor-widget elementor-widget-image\" data-id=\"06e0c81\" data-element_type=\"widget\" data-e-type=\"widget\" data-widget_type=\"image.default\">\n\t\t\t\t<div class=\"elementor-widget-container\">\n\t\t\t\t\t<style>.elementor-element-06e0c81{display:none !important}<\/style>\t\t\t\t<\/div>\n\t\t\t\t<\/div>\n\t\t\t\t<div class=\"elementor-element elementor-element-ca3a9d8 elementor-widget elementor-widget-image\" data-id=\"ca3a9d8\" data-element_type=\"widget\" data-e-type=\"widget\" data-widget_type=\"image.default\">\n\t\t\t\t<div class=\"elementor-widget-container\">\n\t\t\t\t\t\t\t\t\t\t\t\t\t\t\t\t<a href=\"https:\/\/artemisiavulgaris.com\/wp-content\/uploads\/2024\/07\/pawel-klin-en-1.jpg\" data-elementor-open-lightbox=\"yes\" data-elementor-lightbox-title=\"A cutout from the newspaper: Heze Daily from 23 May 2011. In the picture: Dr Paul Klin during his medical training in acupuncture &amp; tuina ambulance with its chief \u2013 Dr. Gao Guan Hua. Heze Hospital of TCM, Dan Yang Rd. No1036, Heze, ShanDong Province, China\" data-e-action-hash=\"#elementor-action%3Aaction%3Dlightbox%26settings%3DeyJpZCI6MTkwNywidXJsIjoiaHR0cHM6XC9cL2FydGVtaXNpYXZ1bGdhcmlzLmNvbVwvd3AtY29udGVudFwvdXBsb2Fkc1wvMjAyNFwvMDdcL3Bhd2VsLWtsaW4tZW4tMS5qcGcifQ%3D%3D\">\n\t\t\t\t\t\t\t<img fetchpriority=\"high\" decoding=\"async\" width=\"640\" height=\"480\" src=\"https:\/\/artemisiavulgaris.com\/wp-content\/uploads\/2024\/07\/pawel-klin-en-1.jpg\" class=\"attachment-large size-large wp-image-1907\" alt=\"A cutout from the newspaper: Heze Daily from 23 May 2011. In the picture: Dr Paul Klin during his medical training in acupuncture &amp; tuina ambulance with its chief \u2013 Dr. Gao Guan Hua. Heze Hospital of TCM, Dan Yang Rd. No1036, Heze, ShanDong Province, China\" srcset=\"https:\/\/artemisiavulgaris.com\/wp-content\/uploads\/2024\/07\/pawel-klin-en-1.jpg 800w, https:\/\/artemisiavulgaris.com\/wp-content\/uploads\/2024\/07\/pawel-klin-en-1-300x225.jpg 300w, https:\/\/artemisiavulgaris.com\/wp-content\/uploads\/2024\/07\/pawel-klin-en-1-768x576.jpg 768w, https:\/\/artemisiavulgaris.com\/wp-content\/uploads\/2024\/07\/pawel-klin-en-1-16x12.jpg 16w\" sizes=\"(max-width: 640px) 100vw, 640px\" \/>\t\t\t\t\t\t\t\t<\/a>\n\t\t\t\t\t\t\t\t\t\t\t\t\t\t\t<\/div>\n\t\t\t\t<\/div>\n\t\t\t\t<div class=\"elementor-element elementor-element-b084cb5 text elementor-widget elementor-widget-text-editor\" data-id=\"b084cb5\" data-element_type=\"widget\" data-e-type=\"widget\" data-widget_type=\"text-editor.default\">\n\t\t\t\t<div class=\"elementor-widget-container\">\n\t\t\t\t\t<style>.elementor-element-b084cb5{display:none !important}<\/style>\t\t\t\t<\/div>\n\t\t\t\t<\/div>\n\t\t\t\t<div class=\"elementor-element elementor-element-c4bf8f7 text elementor-widget elementor-widget-text-editor\" data-id=\"c4bf8f7\" data-element_type=\"widget\" data-e-type=\"widget\" data-widget_type=\"text-editor.default\">\n\t\t\t\t<div class=\"elementor-widget-container\">\n\t\t\t\t\t<style>.elementor-element-c4bf8f7{display:none !important}<\/style>\t\t\t\t<\/div>\n\t\t\t\t<\/div>\n\t\t\t\t<div class=\"elementor-element elementor-element-5ddaae8 text elementor-widget elementor-widget-text-editor\" data-id=\"5ddaae8\" data-element_type=\"widget\" data-e-type=\"widget\" data-widget_type=\"text-editor.default\">\n\t\t\t\t<div class=\"elementor-widget-container\">\n\t\t\t\t\t\t\t\t\t<p>A cutout from the newspaper: <em>Heze Daily<\/em> from 23 May 2011. In the picture: Dr Paul Klin during his medical training in acupuncture &amp; tuina ambulance with its chief \u2013 Dr. Gao Guan Hua. Heze Hospital of TCM, Dan Yang Rd. No1036, Heze, ShanDong Province, China.<\/p><p>Paul Klin MD PhD (Pharm.Sc.). General Practitioner in Bavaria. Born in 1974 in Wroc\u0142aw (Poland), where he graduated from the Medical Academy in 2000. Afterwards he did a one-and-a-half-year postgraduate internship in Israel and Poland. He has been practising as a physician in Germany since 2002. He took his family medicine exam in Munich in 2010 and opened his first family medicine clinic in the Bavarian province (west-central Franconia) the following year. He is currently employed at a German GP practice and at a US military clinic located on a US Army base in Bavaria.<\/p><p>In 2015, he opened his doctoral thesis at the Julius-Maximilians-University W\u00fcrzburg, at the Institute for the History of Medicine, under the scientific leadership of Dr Johannes Gottfried Mayer(\u2020) &#8211; head of the research team &#8222;Klostermedizin&#8221; (Monastic Medicine). In 2019, this scientific collaboration was abruptly interrupted due to the death of Dr Johannes Mayer. The research results gained from this four-year collaboration were presented in a <a href=\"https:\/\/ruj.uj.edu.pl\/server\/api\/core\/bitstreams\/7377114e-a879-430f-8784-a82fd277809d\/content\" target=\"_blank\" rel=\"noopener\">book publication<\/a> written in German (s.pos 142. of the bibliography).<\/p><p>In 2019, the author of the project established contact with Mrs Professor Halina Ekiert, Head of the Department of Pharmaceutical Botany, Collegium Medicum, Jagiellonian University (CMUJ) in Krak\u03ccw (Poland), and with Mrs Dr Agnieszka Rzepiela, Director of the Pharmacy Museum at the same university. These contacts resulted in the opening of a doctoral thesis at the Faculty of Pharmacy of CMUJ. The resulting doctoral thesis entitled: &#8222;<a href=\"https:\/\/ruj.uj.edu.pl\/server\/api\/core\/bitstreams\/7377114e-a879-430f-8784-a82fd277809d\/content\" target=\"_blank\" rel=\"noopener\">The significance of <i>Artemisia vulgaris<\/i> L. (Mugwort) in the history of pharmacy and in current therapy<\/a>&#8221; (in Polish) was defended in November 2023. On gathering information for the dissertation, the author travelled for six months through the countries of Central Asia and Russia in 2018. He published the results of his research in the German-language article &#8222;<a href=\"https:\/\/www.thieme-connect.com\/products\/ejournals\/pdf\/10.1055\/a-0879-8918.pdf\" target=\"_blank\" rel=\"noopener\">Auf der Suche nach <i>Artemisia vulgaris<\/i> L. Vom Iran bis Kamtschatka &#8211; ein Reisbericht<\/a>&#8221; (\u2018In search of <i>Artemisia vulgaris<\/i> L. From Iran to Kamchatka &#8211; a travel report\u2019) (s.pos 141. of the <a href=\"https:\/\/artemisiavulgaris.com\/en\/bibliography\/\">bibliography<\/a>).<\/p><p>Dr Paul Klin is also a specialist in TCM &#8211; traditional Chinese medicine. His path of gathering qualifications in this field include, among others, three trips to China, where he spent six months and practised in three TCM hospitals. In addition, Dr Klin holds a diploma as an acupuncturist from the Bavarian Medical Chamber (BL\u00c4K). He received his three-year training in TCM herbal medicines at the courses of Mr. Dr. Tadeusz Blaszczyk (\u2020) &#8211; author of the 5-volume &#8222;I Heal with Chinese Herbs. Chinese Materia Medica&#8221; &#8211; the most comprehensive inventory of TCM herbal pharmaceutical raw materials that has been published outside of China. Dr Tadeusz B\u0142aszczyk has always emphasised the role of the Polish scholar and missionary Father Micha\u0142 Boym (1612-1659) in the study of Chinese medicine and its propagation in Europe.<\/p><p>The idea to create a website on the &#8217;<i>Artemisia vulgaris<\/i> project&#8217; was born towards the end of writing his doctoral dissertation and came out of author&#8217;s great desire to bring closer to the international audience both the subject of integrative medicine as well as the results of his scientific research. To achieve these goals the website had been enriched with a <a href=\"https:\/\/artemisiavulgaris.com\/en\/prezentacja\/\">multimedia presentation<\/a> and detailed <a href=\"https:\/\/artemisiavulgaris.com\/en\/tables\/\">tables<\/a>.<\/p>\t\t\t\t\t\t\t\t<\/div>\n\t\t\t\t<\/div>\n\t\t\t\t<\/div>\n\t\t\t\t\t<\/div>\n\t\t\t\t<\/div>\n\t\t\t\t<\/div>\n\t\t","protected":false},"excerpt":{"rendered":"<p>Kilka s\u0142\u00f3w o autorze &#8222;Projektu Artemisia vulgaris&#8222; Wprowadzenie: Bylica zwyczajna (Artemisia vulgaris L.) jako obiekt bada\u0144 Co to jest integracyjny portret terapeutyczny ro\u015bliny leczniczej? Wykaz poj\u0119\u0107 i skr\u00f3t\u00f3w Streszczenie integracyjnego portretu terapeutycznego Artemisia vulgaris L. + spis tre\u015bci Jeste\u015b tutaj: Kilka s\u0142\u00f3w o autorze \u201eProjektu Artemisia vulgaris\u201d Dr farmacji Pawe\u0142 Klin. Lekarz rodzinny w Bawarii. [&hellip;]<\/p>\n","protected":false},"author":1,"featured_media":0,"parent":7,"menu_order":0,"comment_status":"closed","ping_status":"closed","template":"","meta":{"footnotes":""},"class_list":["post-91","page","type-page","status-publish","hentry"],"_links":{"self":[{"href":"https:\/\/artemisiavulgaris.com\/en\/wp-json\/wp\/v2\/pages\/91","targetHints":{"allow":["GET"]}}],"collection":[{"href":"https:\/\/artemisiavulgaris.com\/en\/wp-json\/wp\/v2\/pages"}],"about":[{"href":"https:\/\/artemisiavulgaris.com\/en\/wp-json\/wp\/v2\/types\/page"}],"author":[{"embeddable":true,"href":"https:\/\/artemisiavulgaris.com\/en\/wp-json\/wp\/v2\/users\/1"}],"replies":[{"embeddable":true,"href":"https:\/\/artemisiavulgaris.com\/en\/wp-json\/wp\/v2\/comments?post=91"}],"version-history":[{"count":208,"href":"https:\/\/artemisiavulgaris.com\/en\/wp-json\/wp\/v2\/pages\/91\/revisions"}],"predecessor-version":[{"id":2313,"href":"https:\/\/artemisiavulgaris.com\/en\/wp-json\/wp\/v2\/pages\/91\/revisions\/2313"}],"up":[{"embeddable":true,"href":"https:\/\/artemisiavulgaris.com\/en\/wp-json\/wp\/v2\/pages\/7"}],"wp:attachment":[{"href":"https:\/\/artemisiavulgaris.com\/en\/wp-json\/wp\/v2\/media?parent=91"}],"curies":[{"name":"wp","href":"https:\/\/api.w.org\/{rel}","templated":true}]}}